{"id":115868,"date":"2025-01-07T11:02:23","date_gmt":"2025-01-07T10:02:23","guid":{"rendered":"https:\/\/secureus.se\/?post_type=product&#038;p=115868"},"modified":"2026-01-12T12:36:50","modified_gmt":"2026-01-12T11:36:50","slug":"bladderstall-function-safe-wall-10","status":"publish","type":"product","link":"https:\/\/secureus.se\/es\/bladderstall-function-safe-wall-10\/","title":{"rendered":"Estante abatible FUNCI\u00d3N SEGURA PARED 10"},"content":{"rendered":"<p>Expositores de informaci\u00f3n y presentaci\u00f3n con diversos nombres: panel, expositor, sistema de vista general, caja registradora, soporte PLU, soporte para documentos, hoja de referencia... Independientemente del nombre, tienen m\u00faltiples usos en almacenes, plantas de producci\u00f3n, cajas, etc. La informaci\u00f3n de uso frecuente se almacena, se encuentra r\u00e1pidamente y es f\u00e1cil de ver en el sistema de vista general. FUNCTION SAFE WALL es un soporte de pared met\u00e1lico completo con 10 bolsillos de pl\u00e1stico con cierre de cremallera lateral y soportes fijos para cabecera. Para documentos en formato A4 protegidos de la suciedad, el polvo y la humedad. Al insertar y extraer los bolsillos, conviene doblarlos ligeramente con cuidado por el centro a lo largo del lado interior largo para facilitar su inserci\u00f3n y extracci\u00f3n sin da\u00f1ar las puntas del soporte.<\/p>","protected":false},"excerpt":{"rendered":"<p>Estanter\u00eda de pared met\u00e1lica completa con 10 paneles A4 abatibles con cierre de cremallera en el lateral.<\/p>","protected":false},"featured_media":134829,"template":"","meta":{"_acf_changed":false},"product_brand":[],"product_cat":[4301],"product_tag":[4397],"class_list":{"0":"post-115868","1":"product","2":"type-product","3":"status-publish","4":"has-post-thumbnail","6":"product_cat-tillbehor-till-bladderpanelsystem","7":"product_tag-mix","8":"product_shipping_class-tunga-paket","9":"pa_brands-durable","10":"pa_farg-mix","11":"tm-no-options","13":"first","14":"instock","15":"sale","16":"taxable","17":"shipping-taxable","18":"purchasable","19":"product-type-simple"},"acf":[],"_links":{"self":[{"href":"https:\/\/secureus.se\/es\/wp-json\/wp\/v2\/product\/115868","targetHints":{"allow":["GET"]}}],"collection":[{"href":"https:\/\/secureus.se\/es\/wp-json\/wp\/v2\/product"}],"about":[{"href":"https:\/\/secureus.se\/es\/wp-json\/wp\/v2\/types\/product"}],"wp:featuredmedia":[{"embeddable":true,"href":"https:\/\/secureus.se\/es\/wp-json\/wp\/v2\/media\/134829"}],"wp:attachment":[{"href":"https:\/\/secureus.se\/es\/wp-json\/wp\/v2\/media?parent=115868"}],"wp:term":[{"taxonomy":"product_brand","embeddable":true,"href":"https:\/\/secureus.se\/es\/wp-json\/wp\/v2\/product_brand?post=115868"},{"taxonomy":"product_cat","embeddable":true,"href":"https:\/\/secureus.se\/es\/wp-json\/wp\/v2\/product_cat?post=115868"},{"taxonomy":"product_tag","embeddable":true,"href":"https:\/\/secureus.se\/es\/wp-json\/wp\/v2\/product_tag?post=115868"}],"curies":[{"name":"wp","href":"https:\/\/api.w.org\/{rel}","templated":true}]}}