{"id":115869,"date":"2024-11-20T14:13:37","date_gmt":"2024-11-20T13:13:37","guid":{"rendered":"https:\/\/secureus.se\/?post_type=product&#038;p=115869"},"modified":"2026-01-12T12:51:43","modified_gmt":"2026-01-12T11:51:43","slug":"namnskylt-a6-halsband-duo-2","status":"publish","type":"product","link":"https:\/\/secureus.se\/es\/namnskylt-a6-halsband-duo-2\/","title":{"rendered":"Placa de identificaci\u00f3n A6, d\u00fao de collares"},"content":{"rendered":"<p>Para los participantes de conferencias, eventos y inauguraciones, resulta pr\u00e1ctico contar con un cartel que pueda usarse como etiqueta para el nombre, pero tambi\u00e9n para los elementos del programa y otra informaci\u00f3n. Se trata de una cartera de polipropileno de tama\u00f1o A6 con un bolsillo para tarjetas de visita en la parte posterior, completa con un cord\u00f3n textil de 2 cm de ancho con apertura de seguridad y dos mosquetones. Los mosquetones dobles garantizan que el cartel siempre cuelgue recto para que los participantes puedan ver los nombres de los dem\u00e1s. El collar mide 100 cm incluidos los ganchos y solo la correa textil mide 88 cm. Se incluyen etiquetas blancas en una tira. Las etiquetas en hojas A4 para imprimir en la impresora se pueden pedir por separado. Utilice el programa gratuito DURAPRINT\u00ae disponible en www.duraprint.se para crear e imprimir elegantes etiquetas con nombres.<br \/>\nAccesorios:<br \/>\nEtiquetas Badgemaker\u00ae en hojas A4 para imprimir en impresoras, n.\u00ba de art\u00edculo 142002<\/p>","protected":false},"excerpt":{"rendered":"<p>Credencial para eventos con bolsillo A6 con espacio para, por ejemplo, elementos del programa. Completo con cuello textil. <\/p>","protected":false},"featured_media":133777,"template":"","meta":{"_acf_changed":false},"product_brand":[],"product_cat":[4283],"product_tag":[4387],"class_list":{"0":"post-115869","1":"product","2":"type-product","3":"status-publish","4":"has-post-thumbnail","6":"product_cat-namnskyltar-med-nyckelband","7":"product_tag-bla","8":"product_shipping_class-tunga-paket","9":"pa_brands-durable","10":"pa_farg-bla","11":"tm-no-options","13":"first","14":"instock","15":"sale","16":"taxable","17":"shipping-taxable","18":"purchasable","19":"product-type-simple"},"acf":[],"_links":{"self":[{"href":"https:\/\/secureus.se\/es\/wp-json\/wp\/v2\/product\/115869","targetHints":{"allow":["GET"]}}],"collection":[{"href":"https:\/\/secureus.se\/es\/wp-json\/wp\/v2\/product"}],"about":[{"href":"https:\/\/secureus.se\/es\/wp-json\/wp\/v2\/types\/product"}],"wp:featuredmedia":[{"embeddable":true,"href":"https:\/\/secureus.se\/es\/wp-json\/wp\/v2\/media\/133777"}],"wp:attachment":[{"href":"https:\/\/secureus.se\/es\/wp-json\/wp\/v2\/media?parent=115869"}],"wp:term":[{"taxonomy":"product_brand","embeddable":true,"href":"https:\/\/secureus.se\/es\/wp-json\/wp\/v2\/product_brand?post=115869"},{"taxonomy":"product_cat","embeddable":true,"href":"https:\/\/secureus.se\/es\/wp-json\/wp\/v2\/product_cat?post=115869"},{"taxonomy":"product_tag","embeddable":true,"href":"https:\/\/secureus.se\/es\/wp-json\/wp\/v2\/product_tag?post=115869"}],"curies":[{"name":"wp","href":"https:\/\/api.w.org\/{rel}","templated":true}]}}