{"id":115879,"date":"2025-01-07T11:02:22","date_gmt":"2025-01-07T10:02:22","guid":{"rendered":"https:\/\/secureus.se\/?post_type=product&#038;p=115879"},"modified":"2026-01-12T12:38:25","modified_gmt":"2026-01-12T11:38:25","slug":"bladderstall-function-table-20","status":"publish","type":"product","link":"https:\/\/secureus.se\/es\/bladderstall-function-table-20\/","title":{"rendered":"Rotafolio TABLA DE FUNCIONES 20"},"content":{"rendered":"<p>Expositores de informaci\u00f3n y presentaci\u00f3n con diversos nombres: panel, expositor, sistema de vista general, caja registradora, porta PLU, portadocumentos, hoja de referencia... Independientemente del nombre, tienen m\u00faltiples usos en almacenes, plantas de producci\u00f3n, cajas, etc. La informaci\u00f3n de uso frecuente se almacena, se encuentra r\u00e1pidamente y es f\u00e1cil de ver en el sistema de vista general. FUNCTION TABLE 20 es un completo soporte de mesa met\u00e1lico con 10 fundas de pl\u00e1stico escaneables con bordes rojos, amarillos, verdes y azules y soportes fijos para cabeceras. Para documentos en formato A4. Al insertar y extraer las fundas, conviene doblarlas ligeramente con cuidado por la mitad a lo largo del lado interior largo para facilitar su inserci\u00f3n y extracci\u00f3n sin da\u00f1ar las puntas del soporte. Sus patas de goma le confieren una firmeza.<\/p>","protected":false},"excerpt":{"rendered":"<p>Completo soporte de mesa de metal con 20 paneles A4 desplegables para tener a mano de forma r\u00e1pida y clara la informaci\u00f3n que se utiliza con frecuencia.<\/p>","protected":false},"featured_media":135142,"template":"","meta":{"_acf_changed":false},"product_brand":[],"product_cat":[4301],"product_tag":[4397],"class_list":{"0":"post-115879","1":"product","2":"type-product","3":"status-publish","4":"has-post-thumbnail","6":"product_cat-tillbehor-till-bladderpanelsystem","7":"product_tag-mix","8":"product_shipping_class-tunga-paket","9":"pa_brands-durable","10":"pa_farg-mix","11":"tm-no-options","13":"first","14":"instock","15":"sale","16":"taxable","17":"shipping-taxable","18":"purchasable","19":"product-type-simple"},"acf":[],"_links":{"self":[{"href":"https:\/\/secureus.se\/es\/wp-json\/wp\/v2\/product\/115879","targetHints":{"allow":["GET"]}}],"collection":[{"href":"https:\/\/secureus.se\/es\/wp-json\/wp\/v2\/product"}],"about":[{"href":"https:\/\/secureus.se\/es\/wp-json\/wp\/v2\/types\/product"}],"wp:featuredmedia":[{"embeddable":true,"href":"https:\/\/secureus.se\/es\/wp-json\/wp\/v2\/media\/135142"}],"wp:attachment":[{"href":"https:\/\/secureus.se\/es\/wp-json\/wp\/v2\/media?parent=115879"}],"wp:term":[{"taxonomy":"product_brand","embeddable":true,"href":"https:\/\/secureus.se\/es\/wp-json\/wp\/v2\/product_brand?post=115879"},{"taxonomy":"product_cat","embeddable":true,"href":"https:\/\/secureus.se\/es\/wp-json\/wp\/v2\/product_cat?post=115879"},{"taxonomy":"product_tag","embeddable":true,"href":"https:\/\/secureus.se\/es\/wp-json\/wp\/v2\/product_tag?post=115879"}],"curies":[{"name":"wp","href":"https:\/\/api.w.org\/{rel}","templated":true}]}}