{"id":115896,"date":"2024-12-07T15:21:10","date_gmt":"2024-12-07T14:21:10","guid":{"rendered":"https:\/\/secureus.se\/?post_type=product&#038;p=115896"},"modified":"2026-01-12T12:38:34","modified_gmt":"2026-01-12T11:38:34","slug":"bladderstall-function-wall-20","status":"publish","type":"product","link":"https:\/\/secureus.se\/es\/bladderstall-function-wall-20\/","title":{"rendered":"Soporte para rotafolios FUNCI\u00d3N PARED 20"},"content":{"rendered":"<p>Stands de informaci\u00f3n y presentaci\u00f3n que tienen muchos nombres diferentes; panel, pantalla, sistema de visi\u00f3n general, registro de ala, soporte de PLU, soporte de documento, hoja de trucos\u2026. Independientemente del nombre, tiene muchos usos en almacenes, instalaciones de producci\u00f3n, mostradores de caja, etc. La informaci\u00f3n utilizada con frecuencia se almacena, se encuentra r\u00e1pidamente y es f\u00e1cil de ver en el sistema de descripci\u00f3n general. FUNCTION WALL 20 es un soporte de pared met\u00e1lico completo con 20 bolsillos de pl\u00e1stico escaneables con bordes rojos, amarillos, verdes y azules y soportes de cabecera fijos. Para documentos en formato A4. Al insertar y quitar los bolsillos, es una buena idea doblar el bolsillo un poco con cuidado en el medio a lo largo del lado largo interior. Esto har\u00e1 que sea m\u00e1s f\u00e1cil insertar y quitar el bolsillo sin da\u00f1ar las puntas del soporte.<\/p>","protected":false},"excerpt":{"rendered":"<p>Estanter\u00eda de pared met\u00e1lica completa con 20 paneles A4 desplegables para tener a mano de forma r\u00e1pida y clara la informaci\u00f3n de uso frecuente. <\/p>","protected":false},"featured_media":135278,"template":"","meta":{"_acf_changed":false},"product_brand":[],"product_cat":[4301],"product_tag":[4397],"class_list":{"0":"post-115896","1":"product","2":"type-product","3":"status-publish","4":"has-post-thumbnail","6":"product_cat-tillbehor-till-bladderpanelsystem","7":"product_tag-mix","8":"product_shipping_class-tunga-paket","9":"pa_brands-durable","10":"pa_farg-mix","11":"tm-no-options","13":"first","14":"instock","15":"sale","16":"taxable","17":"shipping-taxable","18":"purchasable","19":"product-type-simple"},"acf":[],"_links":{"self":[{"href":"https:\/\/secureus.se\/es\/wp-json\/wp\/v2\/product\/115896","targetHints":{"allow":["GET"]}}],"collection":[{"href":"https:\/\/secureus.se\/es\/wp-json\/wp\/v2\/product"}],"about":[{"href":"https:\/\/secureus.se\/es\/wp-json\/wp\/v2\/types\/product"}],"wp:featuredmedia":[{"embeddable":true,"href":"https:\/\/secureus.se\/es\/wp-json\/wp\/v2\/media\/135278"}],"wp:attachment":[{"href":"https:\/\/secureus.se\/es\/wp-json\/wp\/v2\/media?parent=115896"}],"wp:term":[{"taxonomy":"product_brand","embeddable":true,"href":"https:\/\/secureus.se\/es\/wp-json\/wp\/v2\/product_brand?post=115896"},{"taxonomy":"product_cat","embeddable":true,"href":"https:\/\/secureus.se\/es\/wp-json\/wp\/v2\/product_cat?post=115896"},{"taxonomy":"product_tag","embeddable":true,"href":"https:\/\/secureus.se\/es\/wp-json\/wp\/v2\/product_tag?post=115896"}],"curies":[{"name":"wp","href":"https:\/\/api.w.org\/{rel}","templated":true}]}}