{"id":115903,"date":"2024-11-05T17:25:33","date_gmt":"2024-11-05T16:25:33","guid":{"rendered":"https:\/\/secureus.se\/?post_type=product&#038;p=115903"},"modified":"2026-01-12T12:35:45","modified_gmt":"2026-01-12T11:35:45","slug":"bladderpanelsystem-sherpa-soho-5","status":"publish","type":"product","link":"https:\/\/secureus.se\/es\/bladderpanelsystem-sherpa-soho-5\/","title":{"rendered":"Sistema de paneles abatibles SHERPA\u00ae SOHO 5"},"content":{"rendered":"<p>Stands de informaci\u00f3n y presentaci\u00f3n que tienen muchos nombres diferentes; panel, pantalla, sistema de visi\u00f3n general, registro de ala, soporte de PLU, soporte de documento, hoja de trucos\u2026. Independientemente del nombre, tiene muchos usos en oficinas, tiendas, cocinas, mostradores de caja, exposiciones, etc. La informaci\u00f3n utilizada con frecuencia se almacena en el sistema de descripci\u00f3n general, es clara y f\u00e1cil de encontrar. SHERPA\u00ae SOHO, siglas de Small Office \u2013 Home Office, es un peque\u00f1o soporte de mesa con 5 bolsillos de pl\u00e1stico antirreflectantes y escaneables hechos de polipropileno para documentos en formato A4. Al insertar y quitar los bolsillos, es una buena idea doblar el bolsillo un poco con cuidado en el medio a lo largo del lado largo interior. Esto har\u00e1 que sea m\u00e1s f\u00e1cil insertar y quitar el bolsillo sin da\u00f1ar las puntas del soporte. Las patas de goma garantizan que se mantenga estable. 5 a\u00f1os de garant\u00eda. Los t\u00e9rminos de garant\u00eda se pueden encontrar aqu\u00ed: https:\/\/www.durable.se\/sv_SE\/service\/garanti\/garanti-foer-sherpa-vario\/<br \/>\nAccesorios: Soporte de cabezal n\u00famero de pieza 560919 o 560319<\/p>","protected":false},"excerpt":{"rendered":"<p>Peque\u00f1o y completo soporte de mesa con 5 paneles A4 abatibles. La informaci\u00f3n de uso frecuente est\u00e1 disponible de forma r\u00e1pida y clara. <\/p>","protected":false},"featured_media":135315,"template":"","meta":{"_acf_changed":false},"product_brand":[],"product_cat":[4298],"product_tag":[4381],"class_list":{"0":"post-115903","1":"product","2":"type-product","3":"status-publish","4":"has-post-thumbnail","6":"product_cat-bladderstall-bord","7":"product_tag-svart","8":"product_shipping_class-tunga-paket","9":"pa_brands-durable","10":"pa_farg-svart","11":"tm-no-options","13":"first","14":"instock","15":"sale","16":"taxable","17":"shipping-taxable","18":"purchasable","19":"product-type-simple"},"acf":[],"_links":{"self":[{"href":"https:\/\/secureus.se\/es\/wp-json\/wp\/v2\/product\/115903","targetHints":{"allow":["GET"]}}],"collection":[{"href":"https:\/\/secureus.se\/es\/wp-json\/wp\/v2\/product"}],"about":[{"href":"https:\/\/secureus.se\/es\/wp-json\/wp\/v2\/types\/product"}],"wp:featuredmedia":[{"embeddable":true,"href":"https:\/\/secureus.se\/es\/wp-json\/wp\/v2\/media\/135315"}],"wp:attachment":[{"href":"https:\/\/secureus.se\/es\/wp-json\/wp\/v2\/media?parent=115903"}],"wp:term":[{"taxonomy":"product_brand","embeddable":true,"href":"https:\/\/secureus.se\/es\/wp-json\/wp\/v2\/product_brand?post=115903"},{"taxonomy":"product_cat","embeddable":true,"href":"https:\/\/secureus.se\/es\/wp-json\/wp\/v2\/product_cat?post=115903"},{"taxonomy":"product_tag","embeddable":true,"href":"https:\/\/secureus.se\/es\/wp-json\/wp\/v2\/product_tag?post=115903"}],"curies":[{"name":"wp","href":"https:\/\/api.w.org\/{rel}","templated":true}]}}