{"id":115913,"date":"2024-11-20T14:14:11","date_gmt":"2024-11-20T13:14:11","guid":{"rendered":"https:\/\/secureus.se\/?post_type=product&#038;p=115913"},"modified":"2026-01-12T12:47:43","modified_gmt":"2026-01-12T11:47:43","slug":"namnskylt-click-fold-54x90-hangselclips","status":"publish","type":"product","link":"https:\/\/secureus.se\/es\/namnskylt-click-fold-54x90-hangselclips\/","title":{"rendered":"Placa de identificaci\u00f3n CLICK FOLD 54\u00d790, clip para tirantes"},"content":{"rendered":"<p>Participantes en congresos, visitantes de empresas, colaboradores en ferias, en tiendas, profesionales del sector servicios, vendedores\u2026 la lista puede ser muy larga cuando se necesitan identificaciones en distintos tama\u00f1os, dise\u00f1os y posibilidades de fijaci\u00f3n. La serie Clic Fold est\u00e1 hecha de pl\u00e1stico polipropileno reciclado 70%, plegable con un \u201ccierre a presi\u00f3n\u201d para reemplazar f\u00e1cilmente la etiqueta, que siempre permanece segura en su lugar. Esta placa de identificaci\u00f3n de 54 x 90 mm tiene un clip de suspensi\u00f3n giratorio que garantiza que el cartel siempre cuelgue en la posici\u00f3n correcta. Se incluyen etiquetas blancas en una tira. Las etiquetas en hojas A4 para imprimir en la impresora se pueden pedir por separado. Utilice el programa gratuito DURAPRINT\u00ae disponible en www.duraprint.se para crear e imprimir elegantes etiquetas con nombres.<br \/>\nAccesorios:<br \/>\nEtiquetas Badgemaker\u00ae en hojas A4 para imprimir en impresoras, n.\u00ba de art\u00edculo 145502<\/p>","protected":false},"excerpt":{"rendered":"<p>Placa de identificaci\u00f3n ligeramente convexa con cierre a presi\u00f3n y clip para tirantes. El formato de 54 x 90 mm es est\u00e1ndar para tarjetas de visita. 25 piezas\/paquete.<\/p>","protected":false},"featured_media":133753,"template":"","meta":{"_acf_changed":false},"product_brand":[],"product_cat":[4284],"product_tag":[4376],"class_list":{"0":"post-115913","1":"product","2":"type-product","3":"status-publish","4":"has-post-thumbnail","6":"product_cat-namnskyltar-med-clips","7":"product_tag-transparent","8":"product_shipping_class-tunga-paket","9":"pa_brands-durable","10":"pa_farg-transparent","11":"tm-no-options","13":"first","14":"instock","15":"sale","16":"taxable","17":"shipping-taxable","18":"purchasable","19":"product-type-simple"},"acf":[],"_links":{"self":[{"href":"https:\/\/secureus.se\/es\/wp-json\/wp\/v2\/product\/115913","targetHints":{"allow":["GET"]}}],"collection":[{"href":"https:\/\/secureus.se\/es\/wp-json\/wp\/v2\/product"}],"about":[{"href":"https:\/\/secureus.se\/es\/wp-json\/wp\/v2\/types\/product"}],"wp:featuredmedia":[{"embeddable":true,"href":"https:\/\/secureus.se\/es\/wp-json\/wp\/v2\/media\/133753"}],"wp:attachment":[{"href":"https:\/\/secureus.se\/es\/wp-json\/wp\/v2\/media?parent=115913"}],"wp:term":[{"taxonomy":"product_brand","embeddable":true,"href":"https:\/\/secureus.se\/es\/wp-json\/wp\/v2\/product_brand?post=115913"},{"taxonomy":"product_cat","embeddable":true,"href":"https:\/\/secureus.se\/es\/wp-json\/wp\/v2\/product_cat?post=115913"},{"taxonomy":"product_tag","embeddable":true,"href":"https:\/\/secureus.se\/es\/wp-json\/wp\/v2\/product_tag?post=115913"}],"curies":[{"name":"wp","href":"https:\/\/api.w.org\/{rel}","templated":true}]}}