{"id":115959,"date":"2024-11-20T14:14:37","date_gmt":"2024-11-20T13:14:37","guid":{"rendered":"https:\/\/secureus.se\/?post_type=product&#038;p=115959"},"modified":"2025-12-31T21:25:29","modified_gmt":"2025-12-31T20:25:29","slug":"namnskylt-set-40x60-nal-a4-etikettark","status":"publish","type":"product","link":"https:\/\/secureus.se\/es\/namnskylt-set-40x60-nal-a4-etikettark\/","title":{"rendered":"SET de placas de identificaci\u00f3n 40\u00d760, pin + hoja de etiquetas A4"},"content":{"rendered":"<p>Participantes en congresos, visitantes de empresas, colaboradores en ferias, en tiendas, profesionales del sector servicios, vendedores\u2026 la lista puede ser muy larga cuando se necesitan credenciales con nombres en distintos tama\u00f1os, dise\u00f1os y posibilidades de fijaci\u00f3n. Juego completo con una placa de identificaci\u00f3n cl\u00e1sica y sencilla de 40 x 75 mm con caracter\u00edsticas bien pensadas; La aguja en forma de S evita que la etiqueta con el nombre se deslice hacia abajo cuando est\u00e1 adherida a la ropa, la punta de la aguja est\u00e1 protegida para no pinchar al usuario y el agarre para el pulgar facilita la extracci\u00f3n de la tarjeta. El juego incluye 3 hojas A4 de etiquetas blancas para imprimir en impresora. Se pueden pedir m\u00e1s etiquetas en hojas A4 por separado. Utilice el programa gratuito DURAPRINT\u00ae disponible en www.duraprint.se para crear e imprimir elegantes etiquetas con nombres.<br \/>\nAccesorios:<br \/>\nEtiquetas Badgemaker\u00ae en hojas A4 para imprimir en impresoras, n.\u00ba de art\u00edculo 145202<\/p>","protected":false},"excerpt":{"rendered":"<p>Juego completo de hojas de etiquetas A4 para imprimir en impresora. 20 etiquetas de nombre de 40 x 60 mm con fijaci\u00f3n mediante pin.<\/p>","protected":false},"featured_media":133741,"template":"","meta":{"_acf_changed":false},"product_brand":[],"product_cat":[4275],"product_tag":[],"class_list":{"0":"post-115959","1":"product","2":"type-product","3":"status-publish","4":"has-post-thumbnail","6":"product_cat-namnskyltar-kompletta-set","7":"product_shipping_class-tunga-paket","8":"pa_brands-durable","9":"tm-no-options","11":"first","12":"instock","13":"sale","14":"taxable","15":"shipping-taxable","16":"purchasable","17":"product-type-simple"},"acf":[],"_links":{"self":[{"href":"https:\/\/secureus.se\/es\/wp-json\/wp\/v2\/product\/115959","targetHints":{"allow":["GET"]}}],"collection":[{"href":"https:\/\/secureus.se\/es\/wp-json\/wp\/v2\/product"}],"about":[{"href":"https:\/\/secureus.se\/es\/wp-json\/wp\/v2\/types\/product"}],"wp:featuredmedia":[{"embeddable":true,"href":"https:\/\/secureus.se\/es\/wp-json\/wp\/v2\/media\/133741"}],"wp:attachment":[{"href":"https:\/\/secureus.se\/es\/wp-json\/wp\/v2\/media?parent=115959"}],"wp:term":[{"taxonomy":"product_brand","embeddable":true,"href":"https:\/\/secureus.se\/es\/wp-json\/wp\/v2\/product_brand?post=115959"},{"taxonomy":"product_cat","embeddable":true,"href":"https:\/\/secureus.se\/es\/wp-json\/wp\/v2\/product_cat?post=115959"},{"taxonomy":"product_tag","embeddable":true,"href":"https:\/\/secureus.se\/es\/wp-json\/wp\/v2\/product_tag?post=115959"}],"curies":[{"name":"wp","href":"https:\/\/api.w.org\/{rel}","templated":true}]}}