{"id":116128,"date":"2024-11-05T17:17:02","date_gmt":"2024-11-05T16:17:02","guid":{"rendered":"https:\/\/secureus.se\/?post_type=product&#038;p=116128"},"modified":"2026-01-12T12:33:35","modified_gmt":"2026-01-12T11:33:35","slug":"skarmhallare-pro-for-1-skarm-och-1-surfplatta-kabelhalsfaste","status":"publish","type":"product","link":"https:\/\/secureus.se\/es\/skarmhallare-pro-for-1-skarm-och-1-surfplatta-kabelhalsfaste\/","title":{"rendered":"Soporte de monitor PRO para 1 monitor y 1 tableta, montaje con orificio para cable"},"content":{"rendered":"<p>La serie de soportes para monitores f\u00e1ciles de usar de Durable (o brazos para monitores como tambi\u00e9n se los llama) y de buena calidad liberan espacio en su escritorio y brindan una buena ergonom\u00eda de trabajo. Gracias a su dise\u00f1o atemporal y elegante quedan bien en muchos entornos diferentes. Destinado a pantallas con formato de 21 - 28 pulgadas y un peso de 3-8 kg, que est\u00e9n preparadas para montaje VESA 75 x 75 mm o 100 x 100 mm. El monitor se encaja f\u00e1cilmente en el soporte de liberaci\u00f3n r\u00e1pida (pendiente de patente). Los soportes de pantalla son flexibles porque se pueden inclinar para lograr un buen \u00e1ngulo de lectura y girar para tener la pantalla en modo vertical u horizontal. Para pantallas entre 28 y 34 pulgadas, la rotaci\u00f3n es limitada. Fabricado con materiales de primera calidad seleccionados para una larga vida \u00fatil: aluminio, metal y pl\u00e1stico de alta calidad fabricados con hasta un 60 % de material reciclado. Reciclable hasta el 100% % hace que estos soportes de pantalla sean respetuosos con el medio ambiente seg\u00fan la norma ISO 14021. La fabricaci\u00f3n se lleva a cabo en las instalaciones de producci\u00f3n de DURABLE en Alemania. Garant\u00eda de 10 a\u00f1os. Se ha presentado la solicitud para que estos soportes de pantalla sean homologados con el sello de seguridad GS (seguridad comprobada), que garantiza a los compradores, minoristas y consumidores finales que el producto cumple con los \u00faltimos requisitos de seguridad, as\u00ed como la solicitud de certificaci\u00f3n T\u00dcV, que tambi\u00e9n es una certificaci\u00f3n alemana reconocida de seguridad y calidad de productos.<\/p>\n<p>Soporte de pantalla para pantalla de ordenador y tableta. Consta de un soporte de mesa vertical y un brazo transversal con dos soportes deslizantes. Los soportes de la pantalla se pueden bloquear en la posici\u00f3n seleccionada y se fijan de forma segura cuando las pantallas se ajustan en altura. El brazo transversal es regulable en altura de 50 a 340 mm. El soporte para tableta se adapta a tabletas de 7\u2033 a 13\u2033 y se puede girar 360\u00b0 con cuatro posiciones de tope cada 90\u00b0. Tambi\u00e9n se puede bloquear con una llave especial para evitar que se extraiga la tableta. Se incluyen cinco clips para cables que se pueden colocar donde los necesites para mantener tus cables organizados y en orden. Las pantallas se pueden inclinar individualmente entre 110\u00b0 y 85\u00b0 hacia arriba y 25\u00b0 hacia abajo. F\u00e1cil de instalar: soporte con orificio para cables para tableros de mesa con orificios para cables de 60-80 mm de di\u00e1metro. Dimensiones: 780 x 445 x 190 mm (ancho x alto x profundidad)<\/p>\n<p>Lea m\u00e1s sobre el marcado GS: https:\/\/www.handelskammer.se\/vara-tjanster\/miljorapportering\/symbolguiden\/geprufte-sicherheit-provad-sakerhet<br \/>\nLea m\u00e1s sobre la certificaci\u00f3n T\u00dcV: https:\/\/www.handelskammer.se\/vara-tjanster\/miljorappottering\/symbolguiden\/tuv-technischer-uberwachungsverein<br \/>\nLos t\u00e9rminos de garant\u00eda se pueden encontrar aqu\u00ed: https:\/\/www.durable.se\/sv_SE\/service\/garanti\/garanti-foer-skaermhaallare\/<\/p>","protected":false},"excerpt":{"rendered":"<p>Soporte de pantalla ajustable para trabajar en diferentes dispositivos; pantalla de computadora y tableta. Con montaje por orificio para cable.<\/p>","protected":false},"featured_media":135629,"template":"","meta":{"_acf_changed":false},"product_brand":[],"product_cat":[4243],"product_tag":[4382],"class_list":{"0":"post-116128","1":"product","2":"type-product","3":"status-publish","4":"has-post-thumbnail","6":"product_cat-skarmhallare","7":"product_tag-silver","8":"product_shipping_class-tunga-paket","9":"pa_brands-durable","10":"pa_farg-silver","11":"tm-no-options","13":"first","14":"instock","15":"sale","16":"taxable","17":"shipping-taxable","18":"purchasable","19":"product-type-simple"},"acf":[],"_links":{"self":[{"href":"https:\/\/secureus.se\/es\/wp-json\/wp\/v2\/product\/116128","targetHints":{"allow":["GET"]}}],"collection":[{"href":"https:\/\/secureus.se\/es\/wp-json\/wp\/v2\/product"}],"about":[{"href":"https:\/\/secureus.se\/es\/wp-json\/wp\/v2\/types\/product"}],"wp:featuredmedia":[{"embeddable":true,"href":"https:\/\/secureus.se\/es\/wp-json\/wp\/v2\/media\/135629"}],"wp:attachment":[{"href":"https:\/\/secureus.se\/es\/wp-json\/wp\/v2\/media?parent=116128"}],"wp:term":[{"taxonomy":"product_brand","embeddable":true,"href":"https:\/\/secureus.se\/es\/wp-json\/wp\/v2\/product_brand?post=116128"},{"taxonomy":"product_cat","embeddable":true,"href":"https:\/\/secureus.se\/es\/wp-json\/wp\/v2\/product_cat?post=116128"},{"taxonomy":"product_tag","embeddable":true,"href":"https:\/\/secureus.se\/es\/wp-json\/wp\/v2\/product_tag?post=116128"}],"curies":[{"name":"wp","href":"https:\/\/api.w.org\/{rel}","templated":true}]}}