{"id":116137,"date":"2024-11-20T14:10:40","date_gmt":"2024-11-20T13:10:40","guid":{"rendered":"https:\/\/secureus.se\/?post_type=product&#038;p=116137"},"modified":"2025-09-15T12:52:12","modified_gmt":"2025-09-15T10:52:12","slug":"golvmarkeringstejp-duraline-50-07-3","status":"publish","type":"product","link":"https:\/\/secureus.se\/es\/golvmarkeringstejp-duraline-50-07-3\/","title":{"rendered":"Cinta de se\u00f1alizaci\u00f3n de suelo DURALINE\u00ae 50\/07"},"content":{"rendered":"<p>Cinta de se\u00f1alizaci\u00f3n autoadhesiva de rayas para uso interior. Se utiliza para la se\u00f1alizaci\u00f3n permanente de zonas de riesgo que requieren atenci\u00f3n, como zonas de tr\u00e1fico y \u00e1reas restringidas. Se adhiere a pisos de concreto limpios y secos. Nivel de resistencia al deslizamiento R9 seg\u00fan DIN51130. La cinta de advertencia de color rojo y blanco se utiliza para rutas de escape en caso de incendio y otras cosas relacionadas con la protecci\u00f3n contra incendios.<br \/>\nDimensiones (An x L): rollo de 30 m, 50 mm de ancho, espesor 0,7 mm<\/p>","protected":false},"excerpt":{"rendered":"<p>Cinta autoadhesiva para marcar el suelo, con rayas en colores de alta visibilidad. Aumenta la seguridad mediante la se\u00f1alizaci\u00f3n clara de las zonas de riesgo en almacenes e industrias.<\/p>","protected":false},"featured_media":133829,"template":"","meta":{"_acf_changed":false},"product_brand":[],"product_cat":[4303],"product_tag":[4391],"class_list":{"0":"post-116137","1":"product","2":"type-product","3":"status-publish","4":"has-post-thumbnail","6":"product_cat-golvtejp","7":"product_tag-rod-vit","8":"pa_brands-durable","9":"pa_farg-rod-vit","10":"tm-no-options","12":"first","13":"instock","14":"sale","15":"taxable","16":"shipping-taxable","17":"purchasable","18":"product-type-simple"},"acf":[],"_links":{"self":[{"href":"https:\/\/secureus.se\/es\/wp-json\/wp\/v2\/product\/116137","targetHints":{"allow":["GET"]}}],"collection":[{"href":"https:\/\/secureus.se\/es\/wp-json\/wp\/v2\/product"}],"about":[{"href":"https:\/\/secureus.se\/es\/wp-json\/wp\/v2\/types\/product"}],"wp:featuredmedia":[{"embeddable":true,"href":"https:\/\/secureus.se\/es\/wp-json\/wp\/v2\/media\/133829"}],"wp:attachment":[{"href":"https:\/\/secureus.se\/es\/wp-json\/wp\/v2\/media?parent=116137"}],"wp:term":[{"taxonomy":"product_brand","embeddable":true,"href":"https:\/\/secureus.se\/es\/wp-json\/wp\/v2\/product_brand?post=116137"},{"taxonomy":"product_cat","embeddable":true,"href":"https:\/\/secureus.se\/es\/wp-json\/wp\/v2\/product_cat?post=116137"},{"taxonomy":"product_tag","embeddable":true,"href":"https:\/\/secureus.se\/es\/wp-json\/wp\/v2\/product_tag?post=116137"}],"curies":[{"name":"wp","href":"https:\/\/api.w.org\/{rel}","templated":true}]}}