{"id":116142,"date":"2024-11-05T17:16:29","date_gmt":"2024-11-05T16:16:29","guid":{"rendered":"https:\/\/secureus.se\/?post_type=product&#038;p=116142"},"modified":"2026-01-12T12:32:54","modified_gmt":"2026-01-12T11:32:54","slug":"skarmhallare-pro-med-arm-for-1-skarm-bordsfaste","status":"publish","type":"product","link":"https:\/\/secureus.se\/es\/skarmhallare-pro-med-arm-for-1-skarm-bordsfaste\/","title":{"rendered":"Soporte de monitor PRO con brazo para 1 monitor, montaje en mesa"},"content":{"rendered":"<p>La serie de soportes para monitores f\u00e1ciles de usar de Durable (o brazos para monitor como tambi\u00e9n se los llama) y de buena calidad liberan espacio en su escritorio y brindan una buena ergonom\u00eda de trabajo. Gracias a su dise\u00f1o atemporal y elegante quedan bien en muchos entornos diferentes. Destinado a pantallas est\u00e1ndar y pantallas curvas con formato de 21 - 27 pulgadas y un peso de 3-8 kg, que est\u00e9n preparadas para montaje VESA 75 x 75 mm o 100 x 100 mm. El monitor se encaja f\u00e1cilmente en el soporte de liberaci\u00f3n r\u00e1pida (pendiente de patente). Los soportes de pantalla son flexibles porque se pueden girar para tener la pantalla en modo vertical u horizontal y se pueden inclinar para obtener un buen \u00e1ngulo de lectura. Fabricado con materiales de primera calidad seleccionados para una larga vida \u00fatil: aluminio, metal y pl\u00e1stico de alta calidad fabricados con hasta un 60 % de material reciclado. Reciclable hasta el 100% % hace que estos soportes de pantalla sean respetuosos con el medio ambiente seg\u00fan la norma ISO 14021. La fabricaci\u00f3n se lleva a cabo en las instalaciones de producci\u00f3n de DURABLE en Alemania. Garant\u00eda de 10 a\u00f1os. Se ha presentado la solicitud para que estos soportes de pantalla sean homologados con el sello de seguridad GS (seguridad comprobada), que garantiza a los compradores, minoristas y consumidores finales que el producto cumple con los \u00faltimos requisitos de seguridad, as\u00ed como la solicitud de certificaci\u00f3n T\u00dcV, que tambi\u00e9n es una certificaci\u00f3n alemana reconocida de seguridad y calidad de productos.<\/p>\n<p>Este modelo es un soporte de pantalla montado en la mesa con un brazo de resorte de gas para una pantalla. Tambi\u00e9n se puede utilizar con pantallas de 28 a 38 pulgadas, aunque en ese caso el giro al formato vertical u horizontal est\u00e1 limitado. El brazo est\u00e1 dise\u00f1ado para que no haya riesgo de pinzamiento en las partes m\u00f3viles y el soporte de pantalla se ajusta f\u00e1cilmente con una perilla para adaptarse al peso de la pantalla. Se incluyen tres clips para cables que se pueden colocar individualmente donde convenga para mantener los cables organizados y en orden. La pantalla se puede inclinar 110-85\u00b0 hacia arriba y 25\u00b0 hacia abajo, el brazo inferior del soporte de pantalla se puede girar un m\u00e1ximo de 200\u00b0 y el brazo superior un m\u00e1ximo de 360\u00b0. La altura del brazo superior se puede ajustar entre 20 y 130 mm. F\u00e1cil de montar: soporte de mesa para tableros de mesa de 14 a 44 mm y atornillado con llave Allen incluida. Dimensiones: 345 x 470 x 120 mm (ancho x alto x profundidad)<\/p>\n<p>Lea m\u00e1s sobre el marcado GS: https:\/\/www.handelskammer.se\/vara-tjanster\/miljorapportering\/symbolguiden\/geprufte-sicherheit-provad-sakerhet<br \/>\nLea m\u00e1s sobre la certificaci\u00f3n T\u00dcV: https:\/\/www.handelskammer.se\/vara-tjanster\/miljorappottering\/symbolguiden\/tuv-technischer-uberwachungsverein<br \/>\nLos t\u00e9rminos de garant\u00eda se pueden encontrar aqu\u00ed: https:\/\/www.durable.se\/sv_SE\/service\/garanti\/garanti-foer-skaermhaallare\/<\/p>","protected":false},"excerpt":{"rendered":"<p>Un soporte de pantalla flexible con montaje en mesa. Brazo de resorte de gas que hace que sea f\u00e1cil y c\u00f3modo ajustar la pantalla de la computadora.<\/p>","protected":false},"featured_media":135461,"template":"","meta":{"_acf_changed":false},"product_brand":[],"product_cat":[4243],"product_tag":[4382],"class_list":{"0":"post-116142","1":"product","2":"type-product","3":"status-publish","4":"has-post-thumbnail","6":"product_cat-skarmhallare","7":"product_tag-silver","8":"product_shipping_class-tunga-paket","9":"pa_brands-durable","10":"pa_farg-silver","11":"tm-no-options","13":"first","14":"instock","15":"sale","16":"taxable","17":"shipping-taxable","18":"purchasable","19":"product-type-simple"},"acf":[],"_links":{"self":[{"href":"https:\/\/secureus.se\/es\/wp-json\/wp\/v2\/product\/116142","targetHints":{"allow":["GET"]}}],"collection":[{"href":"https:\/\/secureus.se\/es\/wp-json\/wp\/v2\/product"}],"about":[{"href":"https:\/\/secureus.se\/es\/wp-json\/wp\/v2\/types\/product"}],"wp:featuredmedia":[{"embeddable":true,"href":"https:\/\/secureus.se\/es\/wp-json\/wp\/v2\/media\/135461"}],"wp:attachment":[{"href":"https:\/\/secureus.se\/es\/wp-json\/wp\/v2\/media?parent=116142"}],"wp:term":[{"taxonomy":"product_brand","embeddable":true,"href":"https:\/\/secureus.se\/es\/wp-json\/wp\/v2\/product_brand?post=116142"},{"taxonomy":"product_cat","embeddable":true,"href":"https:\/\/secureus.se\/es\/wp-json\/wp\/v2\/product_cat?post=116142"},{"taxonomy":"product_tag","embeddable":true,"href":"https:\/\/secureus.se\/es\/wp-json\/wp\/v2\/product_tag?post=116142"}],"curies":[{"name":"wp","href":"https:\/\/api.w.org\/{rel}","templated":true}]}}