{"id":116157,"date":"2024-11-05T17:15:23","date_gmt":"2024-11-05T16:15:23","guid":{"rendered":"https:\/\/secureus.se\/?post_type=product&#038;p=116157"},"modified":"2026-01-12T12:55:10","modified_gmt":"2026-01-12T11:55:10","slug":"surfplattehallare-rise","status":"publish","type":"product","link":"https:\/\/secureus.se\/es\/surfplattehallare-rise\/","title":{"rendered":"Soporte para tableta RISE"},"content":{"rendered":"<p>El trabajo remoto, el aprendizaje virtual y el mayor consumo de medios han incrementado el uso de tabletas. Un soporte para tableta hace que el uso sea m\u00e1s c\u00f3modo y ergon\u00f3mico, por ejemplo, en residencias de ancianos para mantenerse en contacto con los seres queridos, en casa para recetas, revistas digitales, redes sociales o en reuniones y viajes. El soporte para tableta RISE es un soporte de mesa plegable fabricado en aluminio reciclado hasta 40% y se adapta a tabletas de hasta 13\u2033, con un peso m\u00e1ximo de 1 kg. La tableta se puede colocar en formato vertical u horizontal en el soporte. Ajuste de altura y \u00e1ngulo de lectura infinitamente variable. Las almohadillas de goma y un borde de tope evitan que la tableta se salga de su lugar. Tambi\u00e9n hay almohadillas de goma debajo que protegen la superficie de la mesa contra rayones y hacen que el soporte se mantenga estable. 100 % reciclable<br \/>\nDimensiones plegadas: Alto 47 x Ancho 170 x Fondo 155 mm.<br \/>\nLa placa sobre la que reposa la tableta mide 170 x 155 mm, el tablero de la mesa 170 x 137 mm. El brazo mide 130 mm.<\/p>","protected":false},"excerpt":{"rendered":"<p>Soporte infinitamente ajustable para tabletas o tel\u00e9fonos inteligentes. Plegable pero a\u00fan estable en uso.<\/p>","protected":false},"featured_media":135516,"template":"","meta":{"_acf_changed":false},"product_brand":[],"product_cat":[4236],"product_tag":[4382],"class_list":{"0":"post-116157","1":"product","2":"type-product","3":"status-publish","4":"has-post-thumbnail","6":"product_cat-surfplattehallare","7":"product_tag-silver","8":"product_shipping_class-tunga-paket","9":"pa_brands-durable","10":"pa_farg-silver","11":"tm-no-options","13":"first","14":"instock","15":"sale","16":"taxable","17":"shipping-taxable","18":"purchasable","19":"product-type-simple"},"acf":[],"_links":{"self":[{"href":"https:\/\/secureus.se\/es\/wp-json\/wp\/v2\/product\/116157","targetHints":{"allow":["GET"]}}],"collection":[{"href":"https:\/\/secureus.se\/es\/wp-json\/wp\/v2\/product"}],"about":[{"href":"https:\/\/secureus.se\/es\/wp-json\/wp\/v2\/types\/product"}],"wp:featuredmedia":[{"embeddable":true,"href":"https:\/\/secureus.se\/es\/wp-json\/wp\/v2\/media\/135516"}],"wp:attachment":[{"href":"https:\/\/secureus.se\/es\/wp-json\/wp\/v2\/media?parent=116157"}],"wp:term":[{"taxonomy":"product_brand","embeddable":true,"href":"https:\/\/secureus.se\/es\/wp-json\/wp\/v2\/product_brand?post=116157"},{"taxonomy":"product_cat","embeddable":true,"href":"https:\/\/secureus.se\/es\/wp-json\/wp\/v2\/product_cat?post=116157"},{"taxonomy":"product_tag","embeddable":true,"href":"https:\/\/secureus.se\/es\/wp-json\/wp\/v2\/product_tag?post=116157"}],"curies":[{"name":"wp","href":"https:\/\/api.w.org\/{rel}","templated":true}]}}