{"id":116202,"date":"2024-11-05T17:14:16","date_gmt":"2024-11-05T16:14:16","guid":{"rendered":"https:\/\/secureus.se\/?post_type=product&#038;p=116202"},"modified":"2026-01-12T12:28:11","modified_gmt":"2026-01-12T11:28:11","slug":"symbolskylt-wc-handikapp","status":"publish","type":"product","link":"https:\/\/secureus.se\/es\/symbolskylt-wc-handikapp\/","title":{"rendered":"S\u00edmbolo de WC para discapacitados"},"content":{"rendered":"<p>Pictogramas: se\u00f1ales visuales con im\u00e1genes que ayudan a los visitantes a orientarse y obtener informaci\u00f3n a distancia e incluso si no conocen el idioma. Letrero elegante fabricado en acero inoxidable cepillado y resistente a los ara\u00f1azos. Configuraci\u00f3n con almohadillas de montaje incluidas. Se\u00f1al redonda de ba\u00f1o para discapacitados con un di\u00e1metro de 83 mm.<\/p>","protected":false},"excerpt":{"rendered":"<p>Se\u00f1al redonda con s\u00edmbolo de ba\u00f1o para discapacitados<\/p>","protected":false},"featured_media":135369,"template":"","meta":{"_acf_changed":false},"product_brand":[],"product_cat":[4262],"product_tag":[4382],"class_list":{"0":"post-116202","1":"product","2":"type-product","3":"status-publish","4":"has-post-thumbnail","6":"product_cat-dorrskyltar-symbolskyltar","7":"product_tag-silver","8":"product_shipping_class-tunga-paket","9":"pa_brands-durable","10":"pa_farg-silver","11":"tm-no-options","13":"first","14":"instock","15":"sale","16":"taxable","17":"shipping-taxable","18":"purchasable","19":"product-type-simple"},"acf":[],"_links":{"self":[{"href":"https:\/\/secureus.se\/es\/wp-json\/wp\/v2\/product\/116202","targetHints":{"allow":["GET"]}}],"collection":[{"href":"https:\/\/secureus.se\/es\/wp-json\/wp\/v2\/product"}],"about":[{"href":"https:\/\/secureus.se\/es\/wp-json\/wp\/v2\/types\/product"}],"wp:featuredmedia":[{"embeddable":true,"href":"https:\/\/secureus.se\/es\/wp-json\/wp\/v2\/media\/135369"}],"wp:attachment":[{"href":"https:\/\/secureus.se\/es\/wp-json\/wp\/v2\/media?parent=116202"}],"wp:term":[{"taxonomy":"product_brand","embeddable":true,"href":"https:\/\/secureus.se\/es\/wp-json\/wp\/v2\/product_brand?post=116202"},{"taxonomy":"product_cat","embeddable":true,"href":"https:\/\/secureus.se\/es\/wp-json\/wp\/v2\/product_cat?post=116202"},{"taxonomy":"product_tag","embeddable":true,"href":"https:\/\/secureus.se\/es\/wp-json\/wp\/v2\/product_tag?post=116202"}],"curies":[{"name":"wp","href":"https:\/\/api.w.org\/{rel}","templated":true}]}}