{"id":116203,"date":"2024-11-05T17:24:01","date_gmt":"2024-11-05T16:24:01","guid":{"rendered":"https:\/\/secureus.se\/?post_type=product&#038;p=116203"},"modified":"2026-01-12T12:37:46","modified_gmt":"2026-01-12T11:37:46","slug":"sherpa-wall-module-10","status":"publish","type":"product","link":"https:\/\/secureus.se\/es\/sherpa-wall-module-10\/","title":{"rendered":"M\u00d3DULO DE PARED SHERPA\u00ae 10"},"content":{"rendered":"<p>Soporte de pared SHERPA\u00ae para 10 paneles. Montaje en pared, tornillos y tacos incluidos. Los bolsillos (marcos, paneles) se piden por separado. 5 a\u00f1os de garant\u00eda. Los t\u00e9rminos de garant\u00eda se pueden encontrar aqu\u00ed: https:\/\/www.durable.se\/sv_SE\/service\/garanti\/garanti-foer-sherpa-vario\/<br \/>\nAccesorios: SHERPA\u00b0PANEL art\u00edculo n\u00famero 5606 en varios colores. Portacabezal 560919 o 560319<\/p>","protected":false},"excerpt":{"rendered":"<p>Estanter\u00eda de pared vac\u00eda SHERPA\u00ae para 10 paneles A4.<\/p>","protected":false},"featured_media":135793,"template":"","meta":{"_acf_changed":false},"product_brand":[],"product_cat":[4299],"product_tag":[4393],"class_list":{"0":"post-116203","1":"product","2":"type-product","3":"status-publish","4":"has-post-thumbnail","6":"product_cat-bladderpanelsystem-vagg","7":"product_tag-gra","8":"product_shipping_class-tunga-paket","9":"pa_brands-durable","10":"pa_farg-gra","11":"tm-no-options","13":"first","14":"instock","15":"sale","16":"taxable","17":"shipping-taxable","18":"purchasable","19":"product-type-simple"},"acf":[],"_links":{"self":[{"href":"https:\/\/secureus.se\/es\/wp-json\/wp\/v2\/product\/116203","targetHints":{"allow":["GET"]}}],"collection":[{"href":"https:\/\/secureus.se\/es\/wp-json\/wp\/v2\/product"}],"about":[{"href":"https:\/\/secureus.se\/es\/wp-json\/wp\/v2\/types\/product"}],"wp:featuredmedia":[{"embeddable":true,"href":"https:\/\/secureus.se\/es\/wp-json\/wp\/v2\/media\/135793"}],"wp:attachment":[{"href":"https:\/\/secureus.se\/es\/wp-json\/wp\/v2\/media?parent=116203"}],"wp:term":[{"taxonomy":"product_brand","embeddable":true,"href":"https:\/\/secureus.se\/es\/wp-json\/wp\/v2\/product_brand?post=116203"},{"taxonomy":"product_cat","embeddable":true,"href":"https:\/\/secureus.se\/es\/wp-json\/wp\/v2\/product_cat?post=116203"},{"taxonomy":"product_tag","embeddable":true,"href":"https:\/\/secureus.se\/es\/wp-json\/wp\/v2\/product_tag?post=116203"}],"curies":[{"name":"wp","href":"https:\/\/api.w.org\/{rel}","templated":true}]}}