{"id":116243,"date":"2024-11-05T17:13:43","date_gmt":"2024-11-05T16:13:43","guid":{"rendered":"https:\/\/secureus.se\/?post_type=product&#038;p=116243"},"modified":"2026-01-12T12:54:06","modified_gmt":"2026-01-12T11:54:06","slug":"tablet-holder-table","status":"publish","type":"product","link":"https:\/\/secureus.se\/es\/tablet-holder-table\/","title":{"rendered":"MESA SOPORTE PARA TABLETA"},"content":{"rendered":"<p>Soporte para tableta de dise\u00f1o elegante y funcional para tabletas de tama\u00f1os de 7\u2033 a 13\u2033 (160-275 mm). Para compartir informaci\u00f3n y realizar presentaciones en tiendas, recepciones, ventas y salas de exposici\u00f3n. Soporte de mesa estable y resistente que puede inclinarse continuamente de 0\u00b0 a 88\u00b0. El soporte, con superficies recubiertas de goma que protegen la tableta de ara\u00f1azos y da\u00f1os, se puede girar 360\u00b0 con cuatro posiciones de tope cada 90\u00b0, para su uso en formato vertical u horizontal. La tableta es f\u00e1cil de insertar y quitar del soporte, que est\u00e1 bloqueado con una llave especial para evitar robos. Adem\u00e1s, todo el soporte de mesa se puede bloquear con un candado de cable externo \u201cMinisaver mobile lock\u201d de Kensington. El cable de carga se conecta a trav\u00e9s de una abertura en el soporte.<br \/>\nPeso m\u00e1ximo de la tableta 1 kg.<br \/>\nMaterial: chapa, aluminio, pl\u00e1stico ABS.<br \/>\nDimensiones: 155 x 242 x 183 mm (ancho x alto x profundidad)<\/p>","protected":false},"excerpt":{"rendered":"<p>Soporte para tableta. Expositor de mesa para presentaciones e informaci\u00f3n en tiendas, recepciones, espacios de venta y exposici\u00f3n.<\/p>","protected":false},"featured_media":136538,"template":"","meta":{"_acf_changed":false},"product_brand":[],"product_cat":[4236],"product_tag":[4382],"class_list":{"0":"post-116243","1":"product","2":"type-product","3":"status-publish","4":"has-post-thumbnail","6":"product_cat-surfplattehallare","7":"product_tag-silver","8":"product_shipping_class-tunga-paket","9":"pa_brands-durable","10":"pa_farg-silver","11":"tm-no-options","13":"first","14":"instock","15":"sale","16":"taxable","17":"shipping-taxable","18":"purchasable","19":"product-type-simple"},"acf":[],"_links":{"self":[{"href":"https:\/\/secureus.se\/es\/wp-json\/wp\/v2\/product\/116243","targetHints":{"allow":["GET"]}}],"collection":[{"href":"https:\/\/secureus.se\/es\/wp-json\/wp\/v2\/product"}],"about":[{"href":"https:\/\/secureus.se\/es\/wp-json\/wp\/v2\/types\/product"}],"wp:featuredmedia":[{"embeddable":true,"href":"https:\/\/secureus.se\/es\/wp-json\/wp\/v2\/media\/136538"}],"wp:attachment":[{"href":"https:\/\/secureus.se\/es\/wp-json\/wp\/v2\/media?parent=116243"}],"wp:term":[{"taxonomy":"product_brand","embeddable":true,"href":"https:\/\/secureus.se\/es\/wp-json\/wp\/v2\/product_brand?post=116243"},{"taxonomy":"product_cat","embeddable":true,"href":"https:\/\/secureus.se\/es\/wp-json\/wp\/v2\/product_cat?post=116243"},{"taxonomy":"product_tag","embeddable":true,"href":"https:\/\/secureus.se\/es\/wp-json\/wp\/v2\/product_tag?post=116243"}],"curies":[{"name":"wp","href":"https:\/\/api.w.org\/{rel}","templated":true}]}}