{"id":116280,"date":"2024-11-05T17:04:58","date_gmt":"2024-11-05T16:04:58","guid":{"rendered":"https:\/\/secureus.se\/?post_type=product&#038;p=116280"},"modified":"2026-01-12T12:37:28","modified_gmt":"2026-01-12T11:37:28","slug":"vario-magnet-wall-10","status":"publish","type":"product","link":"https:\/\/secureus.se\/es\/vario-magnet-wall-10\/","title":{"rendered":"VARIO\u00ae MAGNET WALL 10"},"content":{"rendered":"<p>Stands de informaci\u00f3n y presentaci\u00f3n que tienen muchos nombres diferentes; panel, pantalla, sistema de visi\u00f3n general, registro de ala, soporte de PLU, soporte de documento, hoja de trucos\u2026. Independientemente del nombre, tiene muchos usos en almacenes, tiendas, exposiciones, etc. La informaci\u00f3n utilizada con frecuencia se almacena, se encuentra r\u00e1pidamente y es f\u00e1cil de ver en el sistema de descripci\u00f3n general. VARIO\u00ae MAGNET WALL es un estante de pared completo con 10 bolsillos de pl\u00e1stico antirreflectantes y escaneables hechos de polipropileno (negro) para documentos en formato A4. Potente im\u00e1n en la parte posterior para montaje en estantes met\u00e1licos, estanter\u00edas para palets o m\u00e1quinas. Al insertar y quitar los bolsillos, es una buena idea doblar el bolsillo un poco con cuidado en el medio a lo largo del lado largo interior. Esto har\u00e1 que sea m\u00e1s f\u00e1cil insertar y quitar el bolsillo sin da\u00f1ar las puntas del soporte. 5 a\u00f1os de garant\u00eda. Los t\u00e9rminos de garant\u00eda se pueden encontrar aqu\u00ed: https:\/\/www.durable.se\/sv_SE\/service\/garanti\/garanti-foer-sherpa-vario\/<\/p>","protected":false},"excerpt":{"rendered":"<p>Estanter\u00eda de pared met\u00e1lica completa con potente im\u00e1n en la parte trasera y 10 paneles A4 pasables.<\/p>","protected":false},"featured_media":136247,"template":"","meta":{"_acf_changed":false},"product_brand":[],"product_cat":[4298],"product_tag":[4381],"class_list":{"0":"post-116280","1":"product","2":"type-product","3":"status-publish","4":"has-post-thumbnail","6":"product_cat-bladderstall-bord","7":"product_tag-svart","8":"product_shipping_class-tunga-paket","9":"pa_brands-durable","10":"pa_farg-svart","11":"tm-no-options","13":"first","14":"instock","15":"sale","16":"taxable","17":"shipping-taxable","18":"purchasable","19":"product-type-simple"},"acf":[],"_links":{"self":[{"href":"https:\/\/secureus.se\/es\/wp-json\/wp\/v2\/product\/116280","targetHints":{"allow":["GET"]}}],"collection":[{"href":"https:\/\/secureus.se\/es\/wp-json\/wp\/v2\/product"}],"about":[{"href":"https:\/\/secureus.se\/es\/wp-json\/wp\/v2\/types\/product"}],"wp:featuredmedia":[{"embeddable":true,"href":"https:\/\/secureus.se\/es\/wp-json\/wp\/v2\/media\/136247"}],"wp:attachment":[{"href":"https:\/\/secureus.se\/es\/wp-json\/wp\/v2\/media?parent=116280"}],"wp:term":[{"taxonomy":"product_brand","embeddable":true,"href":"https:\/\/secureus.se\/es\/wp-json\/wp\/v2\/product_brand?post=116280"},{"taxonomy":"product_cat","embeddable":true,"href":"https:\/\/secureus.se\/es\/wp-json\/wp\/v2\/product_cat?post=116280"},{"taxonomy":"product_tag","embeddable":true,"href":"https:\/\/secureus.se\/es\/wp-json\/wp\/v2\/product_tag?post=116280"}],"curies":[{"name":"wp","href":"https:\/\/api.w.org\/{rel}","templated":true}]}}