{"id":116299,"date":"2024-11-20T13:57:47","date_gmt":"2024-11-20T12:57:47","guid":{"rendered":"https:\/\/secureus.se\/?post_type=product&#038;p=116299"},"modified":"2026-01-12T12:25:04","modified_gmt":"2026-01-12T11:25:04","slug":"etiketter-149x525-mm-pa-a4-ark-refill","status":"publish","type":"product","link":"https:\/\/secureus.se\/es\/etiketter-149x525-mm-pa-a4-ark-refill\/","title":{"rendered":"Etiquetas de 149\u00d752,5 mm en recambio de hoja A4"},"content":{"rendered":"<p>Hojas blancas A4 de 160 gr que se adaptan a los r\u00f3tulos INFO SIGN 4800 y CLICK SIGN 4860 con formato 105x105mm. Dise\u00f1e el cartel utilizando el programa gratuito DURAPRINT\u00ae disponible en www.duraprint.se e impr\u00edmalo con una impresora l\u00e1ser. Un paquete contiene 10 hojas con 5 insertos de se\u00f1alizaci\u00f3n por hoja. Las l\u00e1minas est\u00e1n perforadas y son f\u00e1ciles de romper.<\/p>","protected":false},"excerpt":{"rendered":"<p>50 insertos blancos para las se\u00f1ales INFO SIGN 4800 y CLICK SIGN 4860 (105x105mm). <\/p>","protected":false},"featured_media":134716,"template":"","meta":{"_acf_changed":false},"product_brand":[],"product_cat":[4265,4263],"product_tag":[4396],"class_list":{"0":"post-116299","1":"product","2":"type-product","3":"status-publish","4":"has-post-thumbnail","6":"product_cat-dorrskyltar-i-alumunium","7":"product_cat-dorrskyltar-i-plast","8":"product_tag-vit","9":"product_shipping_class-tunga-paket","10":"pa_brands-durable","11":"pa_farg-vit","12":"tm-no-options","14":"first","15":"instock","16":"sale","17":"taxable","18":"shipping-taxable","19":"purchasable","20":"product-type-simple"},"acf":[],"_links":{"self":[{"href":"https:\/\/secureus.se\/es\/wp-json\/wp\/v2\/product\/116299","targetHints":{"allow":["GET"]}}],"collection":[{"href":"https:\/\/secureus.se\/es\/wp-json\/wp\/v2\/product"}],"about":[{"href":"https:\/\/secureus.se\/es\/wp-json\/wp\/v2\/types\/product"}],"wp:featuredmedia":[{"embeddable":true,"href":"https:\/\/secureus.se\/es\/wp-json\/wp\/v2\/media\/134716"}],"wp:attachment":[{"href":"https:\/\/secureus.se\/es\/wp-json\/wp\/v2\/media?parent=116299"}],"wp:term":[{"taxonomy":"product_brand","embeddable":true,"href":"https:\/\/secureus.se\/es\/wp-json\/wp\/v2\/product_brand?post=116299"},{"taxonomy":"product_cat","embeddable":true,"href":"https:\/\/secureus.se\/es\/wp-json\/wp\/v2\/product_cat?post=116299"},{"taxonomy":"product_tag","embeddable":true,"href":"https:\/\/secureus.se\/es\/wp-json\/wp\/v2\/product_tag?post=116299"}],"curies":[{"name":"wp","href":"https:\/\/api.w.org\/{rel}","templated":true}]}}