{"id":116368,"date":"2024-11-05T17:20:31","date_gmt":"2024-11-05T16:20:31","guid":{"rendered":"https:\/\/secureus.se\/?post_type=product&#038;p=116368"},"modified":"2026-01-12T12:30:46","modified_gmt":"2026-01-12T11:30:46","slug":"sjalvhaftande-kabelhallare-cavoline-clip-1-2","status":"publish","type":"product","link":"https:\/\/secureus.se\/es\/sjalvhaftande-kabelhallare-cavoline-clip-1-2\/","title":{"rendered":"Sujetacables autoadhesivo CAVOLINE\u00ae CLIP 1"},"content":{"rendered":"<p>Mantenga sus cables organizados con CAVOLINE\u00ae tanto en la oficina como en casa. Re\u00fane los cables para que se vea m\u00e1s ordenado y sea m\u00e1s f\u00e1cil de limpiar.<br \/>\nPorta cables redondo autoadhesivo de pl\u00e1stico blando para 1 cable USB o telef\u00f3nico de m\u00e1x. 5 mm de di\u00e1metro. Se adhiere a superficies lisas y limpias. Dimensiones: 20 x 12 mm (\u00f8 x alto)<\/p>","protected":false},"excerpt":{"rendered":"<p>Clip de cable autoadhesivo para 1 cable telef\u00f3nico o USB.<\/p>","protected":false},"featured_media":135394,"template":"","meta":{"_acf_changed":false},"product_brand":[],"product_cat":[4287,4252],"product_tag":[4404],"class_list":{"0":"post-116368","1":"product","2":"type-product","3":"status-publish","4":"has-post-thumbnail","6":"product_cat-kabelsamlare","7":"product_cat-sjalvhaftande-fickor","8":"product_tag-grafitgra","9":"product_shipping_class-tunga-paket","10":"pa_brands-durable","11":"pa_farg-grafitgra","12":"tm-no-options","14":"first","15":"instock","16":"sale","17":"taxable","18":"shipping-taxable","19":"purchasable","20":"product-type-simple"},"acf":[],"_links":{"self":[{"href":"https:\/\/secureus.se\/es\/wp-json\/wp\/v2\/product\/116368","targetHints":{"allow":["GET"]}}],"collection":[{"href":"https:\/\/secureus.se\/es\/wp-json\/wp\/v2\/product"}],"about":[{"href":"https:\/\/secureus.se\/es\/wp-json\/wp\/v2\/types\/product"}],"wp:featuredmedia":[{"embeddable":true,"href":"https:\/\/secureus.se\/es\/wp-json\/wp\/v2\/media\/135394"}],"wp:attachment":[{"href":"https:\/\/secureus.se\/es\/wp-json\/wp\/v2\/media?parent=116368"}],"wp:term":[{"taxonomy":"product_brand","embeddable":true,"href":"https:\/\/secureus.se\/es\/wp-json\/wp\/v2\/product_brand?post=116368"},{"taxonomy":"product_cat","embeddable":true,"href":"https:\/\/secureus.se\/es\/wp-json\/wp\/v2\/product_cat?post=116368"},{"taxonomy":"product_tag","embeddable":true,"href":"https:\/\/secureus.se\/es\/wp-json\/wp\/v2\/product_tag?post=116368"}],"curies":[{"name":"wp","href":"https:\/\/api.w.org\/{rel}","templated":true}]}}