{"id":116387,"date":"2024-11-05T17:01:17","date_gmt":"2024-11-05T16:01:17","guid":{"rendered":"https:\/\/secureus.se\/?post_type=product&#038;p=116387"},"modified":"2025-12-31T21:22:49","modified_gmt":"2025-12-31T20:22:49","slug":"varseldekal-stop-borttagbar","status":"publish","type":"product","link":"https:\/\/secureus.se\/es\/varseldekal-stop-borttagbar\/","title":{"rendered":"Pegatina de advertencia removible \u201cSTOP\u201d"},"content":{"rendered":"<p>Para una mayor seguridad en entornos p\u00fablicos: pegatinas para marcar el suelo con s\u00edmbolos de obligatoriedad o prohibici\u00f3n que ayudan a comunicar las normas de higiene y distanciamiento social. La pegatina de suelo grande, autoadhesiva y extra\u00edble &quot;STOP&quot; indica claramente que est\u00e1 prohibido circular por la zona (por ejemplo, tiendas, gimnasios, hoteles, restaurantes). Se adhiere a pisos de concreto limpios y secos. Nivel de resistencia al deslizamiento R9 seg\u00fan DIN 51130. Las se\u00f1ales cumplen los requisitos de la norma ISO 7010.<br \/>\nDimensiones: \u00d8 430 mm, espesor 0,2 mm<\/p>","protected":false},"excerpt":{"rendered":"<p>Se\u00f1al de prohibici\u00f3n autoadhesiva y removible para aplicaci\u00f3n en suelo. Informa claramente sobre esto aqu\u00ed pero no m\u00e1s.<\/p>","protected":false},"featured_media":136034,"template":"","meta":{"_acf_changed":false},"product_brand":[],"product_cat":[4307],"product_tag":[4389],"class_list":{"0":"post-116387","1":"product","2":"type-product","3":"status-publish","4":"has-post-thumbnail","6":"product_cat-sakerhetsmarkning","7":"product_tag-rod","8":"product_shipping_class-tunga-paket","9":"pa_brands-durable","10":"pa_farg-rod","11":"tm-no-options","13":"first","14":"instock","15":"sale","16":"taxable","17":"shipping-taxable","18":"purchasable","19":"product-type-simple"},"acf":[],"_links":{"self":[{"href":"https:\/\/secureus.se\/es\/wp-json\/wp\/v2\/product\/116387","targetHints":{"allow":["GET"]}}],"collection":[{"href":"https:\/\/secureus.se\/es\/wp-json\/wp\/v2\/product"}],"about":[{"href":"https:\/\/secureus.se\/es\/wp-json\/wp\/v2\/types\/product"}],"wp:featuredmedia":[{"embeddable":true,"href":"https:\/\/secureus.se\/es\/wp-json\/wp\/v2\/media\/136034"}],"wp:attachment":[{"href":"https:\/\/secureus.se\/es\/wp-json\/wp\/v2\/media?parent=116387"}],"wp:term":[{"taxonomy":"product_brand","embeddable":true,"href":"https:\/\/secureus.se\/es\/wp-json\/wp\/v2\/product_brand?post=116387"},{"taxonomy":"product_cat","embeddable":true,"href":"https:\/\/secureus.se\/es\/wp-json\/wp\/v2\/product_cat?post=116387"},{"taxonomy":"product_tag","embeddable":true,"href":"https:\/\/secureus.se\/es\/wp-json\/wp\/v2\/product_tag?post=116387"}],"curies":[{"name":"wp","href":"https:\/\/api.w.org\/{rel}","templated":true}]}}