{"id":116389,"date":"2024-11-05T17:09:51","date_gmt":"2024-11-05T16:09:51","guid":{"rendered":"https:\/\/secureus.se\/?post_type=product&#038;p=116389"},"modified":"2025-12-31T21:29:11","modified_gmt":"2025-12-31T20:29:11","slug":"tv-stativ-pa-hjul-coworksation","status":"publish","type":"product","link":"https:\/\/secureus.se\/es\/tv-stativ-pa-hjul-coworksation\/","title":{"rendered":"Soporte de TV con ruedas COWORKSATION\u00ae"},"content":{"rendered":"<p>Las presentaciones digitales y las reuniones por video para grupos m\u00e1s peque\u00f1os en distintos tipos de espacios de reuni\u00f3n, como salas de grupo, oficinas flexibles y salas de conferencias, se vuelven fluidas y facilitadas por una unidad m\u00f3vil para pantalla y computadora. Gran asa que permite desplazar f\u00e1cilmente el soporte, que dispone de ruedas de 75 mm con freno para que tambi\u00e9n se mantenga firme durante su uso. La caja est\u00e1 hecha de CDF (madera) de calidad encolada y tiene varias aberturas para cables y disipaci\u00f3n de calor. El compartimento superior tiene espacio para elementos peque\u00f1os como control remoto, mouse, teclado, cables, etc. El compartimento con orificios de agarre tiene espacio para una mini PC y el compartimento inferior est\u00e1 destinado a accesorios como cables de extensi\u00f3n, regletas de enchufes y bater\u00edas. El cable de alimentaci\u00f3n se conecta a la parte posterior del poste de aluminio, la conexi\u00f3n de la computadora port\u00e1til est\u00e1 en el costado y la abertura para los cables de carga est\u00e1 en la parte inferior del frente. La altura del televisor\/pantalla es ajustable durante el montaje. La pantalla se puede colocar justo en el borde de la mesa, mientras que las ruedas y la caja, que tiene una altura de 59 cm, se pueden empujar y ocultar debajo de la mesa. La pantalla est\u00e1 fijada al soporte VESA para el est\u00e1ndar 75\u00d775 a 200\u00d7200. Tama\u00f1o m\u00e1ximo de pantalla: 19-43\u201d (48 \u00d7 109 cm) y peso: hasta 18 kg. Dimensiones m\u00e1ximas del teclado que cabe en la caja: 479 x 186 x 28 mm (largo x ancho x alto). Soporta una carga total de 25 kg.<\/p>","protected":false},"excerpt":{"rendered":"<p>Pr\u00e1ctico soporte para TV y multimedia con ruedas para presentaciones digitales y videoconferencias. Soporte VESA para pantalla y caja con varios compartimentos para guardar ordenador, teclado, mando a distancia, cables, etc.  <\/p>","protected":false},"featured_media":135443,"template":"","meta":{"_acf_changed":false},"product_brand":[],"product_cat":[4241],"product_tag":[4396],"class_list":{"0":"post-116389","1":"product","2":"type-product","3":"status-publish","4":"has-post-thumbnail","6":"product_cat-datortillbehor","7":"product_tag-vit","8":"product_shipping_class-tunga-paket","9":"pa_brands-durable","10":"pa_farg-vit","11":"tm-no-options","13":"first","14":"instock","15":"sale","16":"taxable","17":"shipping-taxable","18":"purchasable","19":"product-type-simple"},"acf":[],"_links":{"self":[{"href":"https:\/\/secureus.se\/es\/wp-json\/wp\/v2\/product\/116389","targetHints":{"allow":["GET"]}}],"collection":[{"href":"https:\/\/secureus.se\/es\/wp-json\/wp\/v2\/product"}],"about":[{"href":"https:\/\/secureus.se\/es\/wp-json\/wp\/v2\/types\/product"}],"wp:featuredmedia":[{"embeddable":true,"href":"https:\/\/secureus.se\/es\/wp-json\/wp\/v2\/media\/135443"}],"wp:attachment":[{"href":"https:\/\/secureus.se\/es\/wp-json\/wp\/v2\/media?parent=116389"}],"wp:term":[{"taxonomy":"product_brand","embeddable":true,"href":"https:\/\/secureus.se\/es\/wp-json\/wp\/v2\/product_brand?post=116389"},{"taxonomy":"product_cat","embeddable":true,"href":"https:\/\/secureus.se\/es\/wp-json\/wp\/v2\/product_cat?post=116389"},{"taxonomy":"product_tag","embeddable":true,"href":"https:\/\/secureus.se\/es\/wp-json\/wp\/v2\/product_tag?post=116389"}],"curies":[{"name":"wp","href":"https:\/\/api.w.org\/{rel}","templated":true}]}}