{"id":116506,"date":"2024-11-05T16:58:00","date_gmt":"2024-11-05T15:58:00","guid":{"rendered":"https:\/\/secureus.se\/?post_type=product&#038;p=116506"},"modified":"2026-03-11T14:41:01","modified_gmt":"2026-03-11T13:41:01","slug":"golvstativ-snappram-a4","status":"publish","type":"product","link":"https:\/\/secureus.se\/es\/golvstativ-snappram-a4\/","title":{"rendered":"Marco de presi\u00f3n de soporte de suelo A4"},"content":{"rendered":"<p>Expositor de carteles con marco a presi\u00f3n y soporte telesc\u00f3pico cromado regulable sin escalonamientos de 77 a 120 cm (formato vertical A4). Muy \u00fatil en museos, exposiciones, recepciones y otros lugares para mostrar informaci\u00f3n que puede ser necesario reemplazar en alg\u00fan momento. Cambie el inserto plegando los 4 perfiles laterales y quitando el frente de pl\u00e1stico antirreflejo y resistente a los rayos UV que protege el inserto. El marco est\u00e1 hecho de un perfil de aluminio anodizado, lo que hace que la superficie de aluminio sea m\u00e1s duradera. La parte posterior del soporte de informaci\u00f3n est\u00e1 hecha de poliestireno duradero. \u00c1ngulo de lectura ajustable y giratorio para colocarlo en formato vertical u horizontal. Pie redondo (\u00d8 25 cm) con anillo de goma en la parte inferior para proteger el suelo de ara\u00f1azos. La base tambi\u00e9n se puede rellenar con 1,1 kg de arena para mayor estabilidad.<br \/>\nAccesorios: 1,5 kg de arena, art\u00edculo n.\u00ba 333516.<\/p>","protected":false},"excerpt":{"rendered":"<p>Portacarteles de suelo con marco a presi\u00f3n para formato A4. Ajustable en altura y \u00e1ngulo de lectura y giratorio a formato vertical u horizontal.<\/p>","protected":false},"featured_media":137014,"template":"","meta":{"_acf_changed":false},"product_brand":[],"product_cat":[4304],"product_tag":[4382],"class_list":{"0":"post-116506","1":"product","2":"type-product","3":"status-publish","4":"has-post-thumbnail","6":"product_cat-broschyrstall-golvstativ","7":"product_tag-silver","8":"product_shipping_class-tunga-paket","9":"pa_brands-durable","10":"pa_farg-silver","11":"tm-no-options","13":"first","14":"instock","15":"sale","16":"taxable","17":"shipping-taxable","18":"purchasable","19":"product-type-simple"},"acf":[],"_links":{"self":[{"href":"https:\/\/secureus.se\/es\/wp-json\/wp\/v2\/product\/116506","targetHints":{"allow":["GET"]}}],"collection":[{"href":"https:\/\/secureus.se\/es\/wp-json\/wp\/v2\/product"}],"about":[{"href":"https:\/\/secureus.se\/es\/wp-json\/wp\/v2\/types\/product"}],"wp:featuredmedia":[{"embeddable":true,"href":"https:\/\/secureus.se\/es\/wp-json\/wp\/v2\/media\/137014"}],"wp:attachment":[{"href":"https:\/\/secureus.se\/es\/wp-json\/wp\/v2\/media?parent=116506"}],"wp:term":[{"taxonomy":"product_brand","embeddable":true,"href":"https:\/\/secureus.se\/es\/wp-json\/wp\/v2\/product_brand?post=116506"},{"taxonomy":"product_cat","embeddable":true,"href":"https:\/\/secureus.se\/es\/wp-json\/wp\/v2\/product_cat?post=116506"},{"taxonomy":"product_tag","embeddable":true,"href":"https:\/\/secureus.se\/es\/wp-json\/wp\/v2\/product_tag?post=116506"}],"curies":[{"name":"wp","href":"https:\/\/api.w.org\/{rel}","templated":true}]}}