{"id":116628,"date":"2024-11-20T14:17:33","date_gmt":"2024-11-20T13:17:33","guid":{"rendered":"https:\/\/secureus.se\/?post_type=product&#038;p=116628"},"modified":"2026-01-12T12:45:50","modified_gmt":"2026-01-12T11:45:50","slug":"scanfix-1m-x-20-mm","status":"publish","type":"product","link":"https:\/\/secureus.se\/es\/scanfix-1m-x-20-mm\/","title":{"rendered":"SCANFIX\u00ae 1 m x 20 mm"},"content":{"rendered":"<p>Portaetiquetas autoadhesivo SCANFIX\u00ae para marcar y escanear, por ejemplo, precios y c\u00f3digos de barras en bordes de estanter\u00edas, estanter\u00edas de pal\u00e9s y cajas de almacenamiento. Se incluyen etiquetas blancas y el soporte se puede cortar a la longitud deseada. Abiertos en la parte superior y lateral, lo que los hace adecuados para etiquetas que necesitan cambiarse con frecuencia. Plantillas gratuitas para dise\u00f1ar e imprimir etiquetas elegantes est\u00e1n disponibles en www.duraprint.se. Dimensiones: 1000 x 20 mm (Ancho x Alto)<br \/>\nAccesorios:<br \/>\nEtiquetas adicionales en hojas A5 para imprimir en impresora, art\u00edculo n.\u00ba 800002. Estas etiquetas adicionales miden 20 cm de largo.<\/p>","protected":false},"excerpt":{"rendered":"<p>Portaetiquetas autoadhesivo escaneable para marcar, por ejemplo, los bordes de las estanter\u00edas. Abierto en la parte superior y lateral. Altura de escritura 2 cm, longitud 1 metro.<\/p>","protected":false},"featured_media":133693,"template":"","meta":{"_acf_changed":false},"product_brand":[],"product_cat":[4312],"product_tag":[4376],"class_list":{"0":"post-116628","1":"product","2":"type-product","3":"status-publish","4":"has-post-thumbnail","6":"product_cat-etikettremsor-skanningsbara","7":"product_tag-transparent","8":"product_shipping_class-tunga-paket","9":"pa_brands-durable","10":"pa_farg-transparent","11":"tm-no-options","13":"first","14":"instock","15":"sale","16":"taxable","17":"shipping-taxable","18":"purchasable","19":"product-type-simple"},"acf":[],"_links":{"self":[{"href":"https:\/\/secureus.se\/es\/wp-json\/wp\/v2\/product\/116628","targetHints":{"allow":["GET"]}}],"collection":[{"href":"https:\/\/secureus.se\/es\/wp-json\/wp\/v2\/product"}],"about":[{"href":"https:\/\/secureus.se\/es\/wp-json\/wp\/v2\/types\/product"}],"wp:featuredmedia":[{"embeddable":true,"href":"https:\/\/secureus.se\/es\/wp-json\/wp\/v2\/media\/133693"}],"wp:attachment":[{"href":"https:\/\/secureus.se\/es\/wp-json\/wp\/v2\/media?parent=116628"}],"wp:term":[{"taxonomy":"product_brand","embeddable":true,"href":"https:\/\/secureus.se\/es\/wp-json\/wp\/v2\/product_brand?post=116628"},{"taxonomy":"product_cat","embeddable":true,"href":"https:\/\/secureus.se\/es\/wp-json\/wp\/v2\/product_cat?post=116628"},{"taxonomy":"product_tag","embeddable":true,"href":"https:\/\/secureus.se\/es\/wp-json\/wp\/v2\/product_tag?post=116628"}],"curies":[{"name":"wp","href":"https:\/\/api.w.org\/{rel}","templated":true}]}}