{"id":116683,"date":"2024-11-05T17:13:27","date_gmt":"2024-11-05T16:13:27","guid":{"rendered":"https:\/\/secureus.se\/?post_type=product&#038;p=116683"},"modified":"2026-01-12T12:55:22","modified_gmt":"2026-01-12T11:55:22","slug":"tablet-holder-table-xl","status":"publish","type":"product","link":"https:\/\/secureus.se\/es\/tablet-holder-table-xl\/","title":{"rendered":"MESA SOPORTE PARA TABLET XL"},"content":{"rendered":"<p>Soporte para tableta de dise\u00f1o elegante y funcional para tabletas de tama\u00f1os de 7\u2033 a 13\u2033 (160-275 mm). Para uso en la industria, almacenes y sector del transporte, donde las tablets se utilizan con fundas o cubiertas protectoras. Soporte de mesa estable y resistente que puede inclinarse continuamente de 0\u00b0 a 88\u00b0. El soporte, para tabletas sin o con funda de hasta 23 mm de grosor, puede girar 360\u00b0 con cuatro posiciones de tope cada 90\u00b0, para su uso en formato vertical u horizontal. La tableta se puede retirar f\u00e1cilmente del soporte y llevarla consigo para realizar controles, procesos y an\u00e1lisis digitales. El cable de carga se conecta a trav\u00e9s de una abertura en el soporte.<br \/>\nPeso m\u00e1ximo de la tableta 1 kg.<br \/>\nMaterial: chapa, aluminio, pl\u00e1stico ABS.<br \/>\nDimensiones: 155 x 242 x 183 mm (ancho x alto x profundidad)<\/p>","protected":false},"excerpt":{"rendered":"<p>Soporte para tablet que se adapta a tablets con fundas protectoras de hasta 23 mm de grosor. Soporte de mesa para utilizar en entornos donde se utilizan tablets con funda o carcasa protectora, p. ej. en instalaciones de producci\u00f3n, almacenes y en el sector del transporte.<\/p>","protected":false},"featured_media":136563,"template":"","meta":{"_acf_changed":false},"product_brand":[],"product_cat":[4236],"product_tag":[4382],"class_list":{"0":"post-116683","1":"product","2":"type-product","3":"status-publish","4":"has-post-thumbnail","6":"product_cat-surfplattehallare","7":"product_tag-silver","8":"product_shipping_class-tunga-paket","9":"pa_brands-durable","10":"pa_farg-silver","11":"tm-no-options","13":"first","14":"instock","15":"sale","16":"taxable","17":"shipping-taxable","18":"purchasable","19":"product-type-simple"},"acf":[],"_links":{"self":[{"href":"https:\/\/secureus.se\/es\/wp-json\/wp\/v2\/product\/116683","targetHints":{"allow":["GET"]}}],"collection":[{"href":"https:\/\/secureus.se\/es\/wp-json\/wp\/v2\/product"}],"about":[{"href":"https:\/\/secureus.se\/es\/wp-json\/wp\/v2\/types\/product"}],"wp:featuredmedia":[{"embeddable":true,"href":"https:\/\/secureus.se\/es\/wp-json\/wp\/v2\/media\/136563"}],"wp:attachment":[{"href":"https:\/\/secureus.se\/es\/wp-json\/wp\/v2\/media?parent=116683"}],"wp:term":[{"taxonomy":"product_brand","embeddable":true,"href":"https:\/\/secureus.se\/es\/wp-json\/wp\/v2\/product_brand?post=116683"},{"taxonomy":"product_cat","embeddable":true,"href":"https:\/\/secureus.se\/es\/wp-json\/wp\/v2\/product_cat?post=116683"},{"taxonomy":"product_tag","embeddable":true,"href":"https:\/\/secureus.se\/es\/wp-json\/wp\/v2\/product_tag?post=116683"}],"curies":[{"name":"wp","href":"https:\/\/api.w.org\/{rel}","templated":true}]}}