{"id":116685,"date":"2024-11-05T17:02:24","date_gmt":"2024-11-05T16:02:24","guid":{"rendered":"https:\/\/secureus.se\/?post_type=product&#038;p=116685"},"modified":"2026-01-12T12:04:31","modified_gmt":"2026-01-12T11:04:31","slug":"varseldekal-forbjudet-for-gaende","status":"publish","type":"product","link":"https:\/\/secureus.se\/es\/varseldekal-forbjudet-for-gaende\/","title":{"rendered":"Adhesivo de advertencia \u00abProhibido el paso a peatones\u00bb"},"content":{"rendered":"<p>La pegatina de suelo grande autoadhesiva &quot;Prohibido el paso a peatones&quot; informa claramente a los visitantes y al personal sobre la prohibici\u00f3n actual de paso a peatones y crea un entorno de trabajo m\u00e1s seguro con un riesgo reducido de accidentes. Se adhiere a pisos de concreto limpios y secos. Resistentes y duraderas, con \u00edndice de resistencia al deslizamiento R9 seg\u00fan DIN 51130. Las se\u00f1ales cumplen con los requisitos de la norma ISO 7010.<br \/>\nDimensiones: \u00d8 430 mm, espesor 0,4 mm<\/p>","protected":false},"excerpt":{"rendered":"<p>Se\u00f1al de prohibici\u00f3n autoadhesiva para aplicaci\u00f3n en suelo. Informa claramente que no est\u00e1 permitido caminar por la zona y contribuye a aumentar la seguridad y la concienciaci\u00f3n sobre los riesgos.<\/p>","protected":false},"featured_media":136927,"template":"","meta":{"_acf_changed":false},"product_brand":[],"product_cat":[4307],"product_tag":[4389],"class_list":{"0":"post-116685","1":"product","2":"type-product","3":"status-publish","4":"has-post-thumbnail","6":"product_cat-sakerhetsmarkning","7":"product_tag-rod","8":"product_shipping_class-tunga-paket","9":"pa_brands-durable","10":"pa_farg-rod","11":"tm-no-options","13":"first","14":"instock","15":"sale","16":"taxable","17":"shipping-taxable","18":"purchasable","19":"product-type-simple"},"acf":[],"_links":{"self":[{"href":"https:\/\/secureus.se\/es\/wp-json\/wp\/v2\/product\/116685","targetHints":{"allow":["GET"]}}],"collection":[{"href":"https:\/\/secureus.se\/es\/wp-json\/wp\/v2\/product"}],"about":[{"href":"https:\/\/secureus.se\/es\/wp-json\/wp\/v2\/types\/product"}],"wp:featuredmedia":[{"embeddable":true,"href":"https:\/\/secureus.se\/es\/wp-json\/wp\/v2\/media\/136927"}],"wp:attachment":[{"href":"https:\/\/secureus.se\/es\/wp-json\/wp\/v2\/media?parent=116685"}],"wp:term":[{"taxonomy":"product_brand","embeddable":true,"href":"https:\/\/secureus.se\/es\/wp-json\/wp\/v2\/product_brand?post=116685"},{"taxonomy":"product_cat","embeddable":true,"href":"https:\/\/secureus.se\/es\/wp-json\/wp\/v2\/product_cat?post=116685"},{"taxonomy":"product_tag","embeddable":true,"href":"https:\/\/secureus.se\/es\/wp-json\/wp\/v2\/product_tag?post=116685"}],"curies":[{"name":"wp","href":"https:\/\/api.w.org\/{rel}","templated":true}]}}