{"id":116709,"date":"2024-12-07T15:21:16","date_gmt":"2024-12-07T14:21:16","guid":{"rendered":"https:\/\/secureus.se\/?post_type=product&#038;p=116709"},"modified":"2025-12-31T21:22:24","modified_gmt":"2025-12-31T20:22:24","slug":"sherpa-floor-10","status":"publish","type":"product","link":"https:\/\/secureus.se\/es\/sherpa-floor-10\/","title":{"rendered":"SHERPA\u00ae PISO 10"},"content":{"rendered":"<p>Stands de informaci\u00f3n y presentaci\u00f3n que tienen muchos nombres diferentes; panel, pantalla, sistema de visi\u00f3n general, registro de ala, porta documentos, hoja de trucos\u2026. Independientemente del nombre, tiene muchos usos en oficinas, tiendas, exposiciones, etc. La informaci\u00f3n utilizada con frecuencia se encuentra r\u00e1pidamente y es f\u00e1cil de ver en el sistema de descripci\u00f3n general. SHERPA\u00ae FLOOR es un soporte de suelo completo con 10 bolsillos de pl\u00e1stico de polipropileno no reflectante y escaneable (negro) para documentos en formato A4 y soportes de cabecera extra\u00edbles de 58 mm. Al insertar y quitar los bolsillos, es una buena idea doblar el bolsillo un poco con cuidado en el medio a lo largo del lado largo interior. Esto har\u00e1 que sea m\u00e1s f\u00e1cil insertar y quitar el bolsillo sin da\u00f1ar las puntas del soporte. La base pesada hace que el soporte sea estable. Altura ajustable entre 87 \u2013 138 cm, se puede inclinar hacia arriba o hacia abajo para ajustar el \u00e1ngulo de lectura entre 5\u00b0 y 90\u00b0. 5 a\u00f1os de garant\u00eda. Los t\u00e9rminos de garant\u00eda se pueden encontrar aqu\u00ed: https:\/\/www.durable.se\/sv_SE\/service\/garanti\/garanti-foer-sherpa-vario\/<\/p>","protected":false},"excerpt":{"rendered":"<p>Expositor de suelo completo con 10 paneles desplazables para tener a mano de forma r\u00e1pida y clara la informaci\u00f3n de uso frecuente. <\/p>","protected":false},"featured_media":135662,"template":"","meta":{"_acf_changed":false},"product_brand":[],"product_cat":[4298],"product_tag":[4381],"class_list":{"0":"post-116709","1":"product","2":"type-product","3":"status-publish","4":"has-post-thumbnail","6":"product_cat-bladderstall-bord","7":"product_tag-svart","8":"product_shipping_class-tunga-paket","9":"pa_brands-durable","10":"pa_farg-svart","11":"tm-no-options","13":"first","14":"instock","15":"sale","16":"taxable","17":"shipping-taxable","18":"purchasable","19":"product-type-simple"},"acf":[],"_links":{"self":[{"href":"https:\/\/secureus.se\/es\/wp-json\/wp\/v2\/product\/116709","targetHints":{"allow":["GET"]}}],"collection":[{"href":"https:\/\/secureus.se\/es\/wp-json\/wp\/v2\/product"}],"about":[{"href":"https:\/\/secureus.se\/es\/wp-json\/wp\/v2\/types\/product"}],"wp:featuredmedia":[{"embeddable":true,"href":"https:\/\/secureus.se\/es\/wp-json\/wp\/v2\/media\/135662"}],"wp:attachment":[{"href":"https:\/\/secureus.se\/es\/wp-json\/wp\/v2\/media?parent=116709"}],"wp:term":[{"taxonomy":"product_brand","embeddable":true,"href":"https:\/\/secureus.se\/es\/wp-json\/wp\/v2\/product_brand?post=116709"},{"taxonomy":"product_cat","embeddable":true,"href":"https:\/\/secureus.se\/es\/wp-json\/wp\/v2\/product_cat?post=116709"},{"taxonomy":"product_tag","embeddable":true,"href":"https:\/\/secureus.se\/es\/wp-json\/wp\/v2\/product_tag?post=116709"}],"curies":[{"name":"wp","href":"https:\/\/api.w.org\/{rel}","templated":true}]}}