{"id":116771,"date":"2024-11-05T17:25:42","date_gmt":"2024-11-05T16:25:42","guid":{"rendered":"https:\/\/secureus.se\/?post_type=product&#038;p=116771"},"modified":"2026-01-12T12:36:28","modified_gmt":"2026-01-12T11:36:28","slug":"sherpa-panel-pin-a4-2","status":"publish","type":"product","link":"https:\/\/secureus.se\/es\/sherpa-panel-pin-a4-2\/","title":{"rendered":"PIN DE PANEL SHERPA\u00ae A4"},"content":{"rendered":"<p>SHERPA\u00ae PANEL PIN son bolsillos antirreflectantes, escaneables y con marco de color para documentos en formato A4 como listas de precios, notas, etc. que quedan protegidos en el bolsillo. Con puntas en el panel para uso en sistemas de visi\u00f3n general con orificios pretaladrados. Apertura en la parte superior para cambio de documentos. Fabricado en pl\u00e1stico polipropileno. La compra m\u00ednima es un pack de 5 paneles. 5 a\u00f1os de garant\u00eda. Los t\u00e9rminos de garant\u00eda se pueden encontrar aqu\u00ed: https:\/\/www.durable.se\/sv_SE\/service\/garanti\/garanti-foer-sherpa-vario\/<br \/>\nAccesorios: Soporte de cabezal n\u00famero de art\u00edculo 560919 o 560319<\/p>","protected":false},"excerpt":{"rendered":"<p>Bolsillo de pl\u00e1stico con marco de color y p\u00faas integradas. Adecuado para mesas y soportes de pared que tengan agujeros para los marcos (marcas distintas a DURABLE)<\/p>","protected":false},"featured_media":135308,"template":"","meta":{"_acf_changed":false},"product_brand":[],"product_cat":[4301],"product_tag":[4389],"class_list":{"0":"post-116771","1":"product","2":"type-product","3":"status-publish","4":"has-post-thumbnail","6":"product_cat-tillbehor-till-bladderpanelsystem","7":"product_tag-rod","8":"product_shipping_class-tunga-paket","9":"pa_brands-durable","10":"pa_farg-rod","11":"tm-no-options","13":"first","14":"instock","15":"sale","16":"taxable","17":"shipping-taxable","18":"purchasable","19":"product-type-simple"},"acf":[],"_links":{"self":[{"href":"https:\/\/secureus.se\/es\/wp-json\/wp\/v2\/product\/116771","targetHints":{"allow":["GET"]}}],"collection":[{"href":"https:\/\/secureus.se\/es\/wp-json\/wp\/v2\/product"}],"about":[{"href":"https:\/\/secureus.se\/es\/wp-json\/wp\/v2\/types\/product"}],"wp:featuredmedia":[{"embeddable":true,"href":"https:\/\/secureus.se\/es\/wp-json\/wp\/v2\/media\/135308"}],"wp:attachment":[{"href":"https:\/\/secureus.se\/es\/wp-json\/wp\/v2\/media?parent=116771"}],"wp:term":[{"taxonomy":"product_brand","embeddable":true,"href":"https:\/\/secureus.se\/es\/wp-json\/wp\/v2\/product_brand?post=116771"},{"taxonomy":"product_cat","embeddable":true,"href":"https:\/\/secureus.se\/es\/wp-json\/wp\/v2\/product_cat?post=116771"},{"taxonomy":"product_tag","embeddable":true,"href":"https:\/\/secureus.se\/es\/wp-json\/wp\/v2\/product_tag?post=116771"}],"curies":[{"name":"wp","href":"https:\/\/api.w.org\/{rel}","templated":true}]}}