{"id":116777,"date":"2024-11-05T16:51:40","date_gmt":"2024-11-05T15:51:40","guid":{"rendered":"https:\/\/secureus.se\/?post_type=product&#038;p=116777"},"modified":"2026-01-12T12:23:08","modified_gmt":"2026-01-12T11:23:08","slug":"dokumentficka-a4-sjalvhaftande-5st-frp","status":"publish","type":"product","link":"https:\/\/secureus.se\/es\/dokumentficka-a4-sjalvhaftande-5st-frp\/","title":{"rendered":"Bolsillo para documentos A4 autoadhesivo, 5 unidades\/paquete"},"content":{"rendered":"<p>Funda portadocumentos autoadhesiva fabricada en polipropileno para exponer y proteger informaci\u00f3n temporal en ferias y eventos, tiendas y oficinas. Estable a los rayos UV durante hasta 2 a\u00f1os, puede soportar calor hasta aproximadamente 50\u00b0 y fr\u00edo hasta aproximadamente -10\u00b0.<br \/>\nColoque la l\u00e1mina protectora no reflectante (con tres tiras adhesivas en la parte posterior) sobre el documento y col\u00f3quelo sobre una superficie plana en el interior. \u00a1Claro! M\u00e1s limpio y f\u00e1cil de manejar que, por ejemplo, la cinta adhesiva. Agarre para el pulgar para reemplazar f\u00e1cilmente el inserto cuando el bolsillo est\u00e1 en su lugar. Se puede retirar del sustrato sin dejar marcas. La cinta se puede separar de la l\u00e1mina de pl\u00e1stico para que el material se pueda clasificar para reciclar en 65% cuando se deba desechar la bolsa.<br \/>\nPara documentos en formato A4, dimensiones interiores 301\u00d7214 mm. Dimensiones externas 323\u00d7236 mm.<br \/>\nColor: borde punteado gris<br \/>\nPaquete de 5 uds.<\/p>","protected":false},"excerpt":{"rendered":"<p>Marco insertable autoadhesivo que enmarca y protege el inserto de la suciedad. Para informaci\u00f3n en formato A4, para ser expuesta en superficies lisas de interior.<\/p>","protected":false},"featured_media":136170,"template":"","meta":{"_acf_changed":false},"product_brand":[],"product_cat":[4296],"product_tag":[4394],"class_list":{"0":"post-116777","1":"product","2":"type-product","3":"status-publish","4":"has-post-thumbnail","6":"product_cat-inforamar-for-slata-ytor","7":"product_tag-antracitgra","8":"product_shipping_class-tunga-paket","9":"pa_brands-durable","10":"pa_farg-antracitgra","11":"tm-no-options","13":"first","14":"instock","15":"sale","16":"taxable","17":"shipping-taxable","18":"purchasable","19":"product-type-simple"},"acf":[],"_links":{"self":[{"href":"https:\/\/secureus.se\/es\/wp-json\/wp\/v2\/product\/116777","targetHints":{"allow":["GET"]}}],"collection":[{"href":"https:\/\/secureus.se\/es\/wp-json\/wp\/v2\/product"}],"about":[{"href":"https:\/\/secureus.se\/es\/wp-json\/wp\/v2\/types\/product"}],"wp:featuredmedia":[{"embeddable":true,"href":"https:\/\/secureus.se\/es\/wp-json\/wp\/v2\/media\/136170"}],"wp:attachment":[{"href":"https:\/\/secureus.se\/es\/wp-json\/wp\/v2\/media?parent=116777"}],"wp:term":[{"taxonomy":"product_brand","embeddable":true,"href":"https:\/\/secureus.se\/es\/wp-json\/wp\/v2\/product_brand?post=116777"},{"taxonomy":"product_cat","embeddable":true,"href":"https:\/\/secureus.se\/es\/wp-json\/wp\/v2\/product_cat?post=116777"},{"taxonomy":"product_tag","embeddable":true,"href":"https:\/\/secureus.se\/es\/wp-json\/wp\/v2\/product_tag?post=116777"}],"curies":[{"name":"wp","href":"https:\/\/api.w.org\/{rel}","templated":true}]}}