{"id":116786,"date":"2024-11-20T14:11:39","date_gmt":"2024-11-20T13:11:39","guid":{"rendered":"https:\/\/secureus.se\/?post_type=product&#038;p=116786"},"modified":"2026-01-12T12:03:28","modified_gmt":"2026-01-12T11:03:28","slug":"magnetband-40-mm","status":"publish","type":"product","link":"https:\/\/secureus.se\/es\/magnetband-40-mm\/","title":{"rendered":"Cinta magn\u00e9tica de 40 mm"},"content":{"rendered":"<p>Haz tus propias etiquetas magn\u00e9ticas del tama\u00f1o que necesites para marcar bordes magn\u00e9ticos de estantes, puertas y armarios. F\u00e1cil de mover cuando las mercanc\u00edas cambian de ubicaci\u00f3n de almacenamiento para tener siempre el etiquetado actualizado. Rollo de cinta de se\u00f1alizaci\u00f3n magn\u00e9tica de 5m que se puede cortar a la longitud deseada con unas tijeras grandes. Utilice un marcador permanente para escribir en la banda magn\u00e9tica.<br \/>\nDimensiones: 40 mm x 5 m (alto x largo)<\/p>","protected":false},"excerpt":{"rendered":"<p>Cinta magn\u00e9tica en rollo. Se puede cortar al largo deseado y escribir con marcador permanente. Altura de escritura 4 cm, longitud 5 m.<\/p>","protected":false},"featured_media":133613,"template":"","meta":{"_acf_changed":false},"product_brand":[],"product_cat":[4269],"product_tag":[4396],"class_list":{"0":"post-116786","1":"product","2":"type-product","3":"status-publish","4":"has-post-thumbnail","6":"product_cat-magnetisk-fastsattning","7":"product_tag-vit","8":"product_shipping_class-tunga-paket","9":"pa_brands-durable","10":"pa_farg-vit","11":"tm-no-options","13":"first","14":"instock","15":"sale","16":"taxable","17":"shipping-taxable","18":"purchasable","19":"product-type-simple"},"acf":[],"_links":{"self":[{"href":"https:\/\/secureus.se\/es\/wp-json\/wp\/v2\/product\/116786","targetHints":{"allow":["GET"]}}],"collection":[{"href":"https:\/\/secureus.se\/es\/wp-json\/wp\/v2\/product"}],"about":[{"href":"https:\/\/secureus.se\/es\/wp-json\/wp\/v2\/types\/product"}],"wp:featuredmedia":[{"embeddable":true,"href":"https:\/\/secureus.se\/es\/wp-json\/wp\/v2\/media\/133613"}],"wp:attachment":[{"href":"https:\/\/secureus.se\/es\/wp-json\/wp\/v2\/media?parent=116786"}],"wp:term":[{"taxonomy":"product_brand","embeddable":true,"href":"https:\/\/secureus.se\/es\/wp-json\/wp\/v2\/product_brand?post=116786"},{"taxonomy":"product_cat","embeddable":true,"href":"https:\/\/secureus.se\/es\/wp-json\/wp\/v2\/product_cat?post=116786"},{"taxonomy":"product_tag","embeddable":true,"href":"https:\/\/secureus.se\/es\/wp-json\/wp\/v2\/product_tag?post=116786"}],"curies":[{"name":"wp","href":"https:\/\/api.w.org\/{rel}","templated":true}]}}