{"id":116792,"date":"2024-11-05T17:25:08","date_gmt":"2024-11-05T16:25:08","guid":{"rendered":"https:\/\/secureus.se\/?post_type=product&#038;p=116792"},"modified":"2026-01-12T12:38:12","modified_gmt":"2026-01-12T11:38:12","slug":"sherpa-swing-arm-10","status":"publish","type":"product","link":"https:\/\/secureus.se\/es\/sherpa-swing-arm-10\/","title":{"rendered":"BRAZO OSCILANTE SHERPA\u00ae 10"},"content":{"rendered":"<p>Brazo de aluminio de 3 articulaciones SHERPA\u00ae SWING ARM para 10 paneles en formato A4. El brazo se puede girar 360\u00b0, longitud del brazo 316 \u2013 714 mm. La perilla bloquea las tres articulaciones en la posici\u00f3n deseada. El soporte del panel se puede girar hacia la derecha y hacia la izquierda, y se puede rotar para usarlo en formato vertical u horizontal. Para montaje en el borde de la mesa (espacio entre 19 y 74 mm). Los bolsillos (marcos, paneles) se piden por separado. 5 a\u00f1os de garant\u00eda. Los t\u00e9rminos de garant\u00eda se pueden encontrar aqu\u00ed: https:\/\/www.durable.se\/sv_SE\/service\/garanti\/garanti-foer-sherpa-vario\/<br \/>\nAccesorios: SHERPA\u00b0PANEL art\u00edculo n\u00famero 5606 en varios colores. Porta cabezal 560919 o 560319. <\/p>","protected":false},"excerpt":{"rendered":"<p>Brazo de mesa articulado para 10 paneles en formato A4. Brazo giratorio, portapanel inclinable y giratorio. Se suministra sin paneles.<\/p>","protected":false},"featured_media":135313,"template":"","meta":{"_acf_changed":false},"product_brand":[],"product_cat":[4298],"product_tag":[4393],"class_list":{"0":"post-116792","1":"product","2":"type-product","3":"status-publish","4":"has-post-thumbnail","6":"product_cat-bladderstall-bord","7":"product_tag-gra","8":"product_shipping_class-tunga-paket","9":"pa_brands-durable","10":"pa_farg-gra","11":"tm-no-options","13":"first","14":"instock","15":"sale","16":"taxable","17":"shipping-taxable","18":"purchasable","19":"product-type-simple"},"acf":[],"_links":{"self":[{"href":"https:\/\/secureus.se\/es\/wp-json\/wp\/v2\/product\/116792","targetHints":{"allow":["GET"]}}],"collection":[{"href":"https:\/\/secureus.se\/es\/wp-json\/wp\/v2\/product"}],"about":[{"href":"https:\/\/secureus.se\/es\/wp-json\/wp\/v2\/types\/product"}],"wp:featuredmedia":[{"embeddable":true,"href":"https:\/\/secureus.se\/es\/wp-json\/wp\/v2\/media\/135313"}],"wp:attachment":[{"href":"https:\/\/secureus.se\/es\/wp-json\/wp\/v2\/media?parent=116792"}],"wp:term":[{"taxonomy":"product_brand","embeddable":true,"href":"https:\/\/secureus.se\/es\/wp-json\/wp\/v2\/product_brand?post=116792"},{"taxonomy":"product_cat","embeddable":true,"href":"https:\/\/secureus.se\/es\/wp-json\/wp\/v2\/product_cat?post=116792"},{"taxonomy":"product_tag","embeddable":true,"href":"https:\/\/secureus.se\/es\/wp-json\/wp\/v2\/product_tag?post=116792"}],"curies":[{"name":"wp","href":"https:\/\/api.w.org\/{rel}","templated":true}]}}