{"id":116817,"date":"2024-11-05T16:58:48","date_gmt":"2024-11-05T15:58:48","guid":{"rendered":"https:\/\/secureus.se\/?post_type=product&#038;p=116817"},"modified":"2026-01-12T12:34:06","modified_gmt":"2026-01-12T11:34:06","slug":"skarmstativ-select-1-skarm-bordsfaste","status":"publish","type":"product","link":"https:\/\/secureus.se\/es\/skarmstativ-select-1-skarm-bordsfaste\/","title":{"rendered":"Soporte para monitor SELECT 1 pantalla, montaje en mesa"},"content":{"rendered":"<p>Soporte para monitor para 1 monitor, montaje en mesa mediante soporte con orificio para cable o soporte de mesa.<br \/>\nLa altura, la inclinaci\u00f3n y la posici\u00f3n de la pantalla se pueden ajustar f\u00e1cilmente para facilitar el trabajo ergon\u00f3mico.<br \/>\nSe puede girar 360\u00b0 para utilizarlo en modo vertical u horizontal.<br \/>\nEl brazo de 3 articulaciones se puede extender hasta 43 cm.<br \/>\nAjuste continuo de la altura de la pantalla en un soporte de 45 cm de altura<br \/>\nSoporte VESA universal (75 x 75 mm o 100 x 100 mm)<br \/>\nPara pantallas est\u00e1ndar de hasta 27\u2033 y m\u00e1x. 8 kilos<br \/>\nGesti\u00f3n de cables: el cable de la pantalla se dirige a lo largo del soporte con 3 abrazaderas, lo que protege contra roturas del cable.<\/p>","protected":false},"excerpt":{"rendered":"<p>Soporte para monitor SELECT con brazo para 1 monitor, montaje en mesa<\/p>","protected":false},"featured_media":136312,"template":"","meta":{"_acf_changed":false},"product_brand":[],"product_cat":[4243],"product_tag":[4382],"class_list":{"0":"post-116817","1":"product","2":"type-product","3":"status-publish","4":"has-post-thumbnail","6":"product_cat-skarmhallare","7":"product_tag-silver","8":"product_shipping_class-tunga-paket","9":"pa_brands-durable","10":"pa_farg-silver","11":"tm-no-options","13":"first","14":"instock","15":"sale","16":"taxable","17":"shipping-taxable","18":"purchasable","19":"product-type-simple"},"acf":[],"_links":{"self":[{"href":"https:\/\/secureus.se\/es\/wp-json\/wp\/v2\/product\/116817","targetHints":{"allow":["GET"]}}],"collection":[{"href":"https:\/\/secureus.se\/es\/wp-json\/wp\/v2\/product"}],"about":[{"href":"https:\/\/secureus.se\/es\/wp-json\/wp\/v2\/types\/product"}],"wp:featuredmedia":[{"embeddable":true,"href":"https:\/\/secureus.se\/es\/wp-json\/wp\/v2\/media\/136312"}],"wp:attachment":[{"href":"https:\/\/secureus.se\/es\/wp-json\/wp\/v2\/media?parent=116817"}],"wp:term":[{"taxonomy":"product_brand","embeddable":true,"href":"https:\/\/secureus.se\/es\/wp-json\/wp\/v2\/product_brand?post=116817"},{"taxonomy":"product_cat","embeddable":true,"href":"https:\/\/secureus.se\/es\/wp-json\/wp\/v2\/product_cat?post=116817"},{"taxonomy":"product_tag","embeddable":true,"href":"https:\/\/secureus.se\/es\/wp-json\/wp\/v2\/product_tag?post=116817"}],"curies":[{"name":"wp","href":"https:\/\/api.w.org\/{rel}","templated":true}]}}