{"id":116833,"date":"2024-11-20T14:11:57","date_gmt":"2024-11-20T13:11:57","guid":{"rendered":"https:\/\/secureus.se\/?post_type=product&#038;p=116833"},"modified":"2026-01-12T12:43:14","modified_gmt":"2026-01-12T11:43:14","slug":"namnskylt-40x75-akryl-nalfaste","status":"publish","type":"product","link":"https:\/\/secureus.se\/es\/namnskylt-40x75-akryl-nalfaste\/","title":{"rendered":"Placa de identificaci\u00f3n 40\u00d775 acr\u00edlico, montaje con pasador"},"content":{"rendered":"<p>Participantes en congresos, visitantes de empresas, colaboradores en ferias, en tiendas, profesionales del sector servicios, vendedores\u2026 la lista puede ser muy larga cuando se necesitan identificaciones en distintos tama\u00f1os, dise\u00f1os y posibilidades de fijaci\u00f3n. Se trata de una cl\u00e1sica etiqueta de nombre de 40x75mm fabricada en acr\u00edlico con una aguja fuerte donde la punta de la aguja est\u00e1 protegida para que no pinche al usuario y un agarre para el pulgar que facilita la extracci\u00f3n de la tarjeta. Adem\u00e1s de sujetarse con un alfiler, tambi\u00e9n se puede deslizar por el borde del bolsillo del pecho para que la placa con el nombre quede visible y la parte posterior quede en el interior del bolsillo. Se incluyen etiquetas blancas en una tira. Las etiquetas en hojas A4 para imprimir en la impresora se pueden pedir por separado. Utilice el programa gratuito DURAPRINT\u00ae disponible en www.duraprint.se para crear e imprimir elegantes etiquetas con nombres.<br \/>\nAccesorios:<br \/>\nEtiquetas Badgemaker\u00ae en hojas A4 para imprimir en impresoras, n.\u00ba de art\u00edculo 145302<\/p>","protected":false},"excerpt":{"rendered":"<p>Placa de acr\u00edlico sujetada con un imperdible. Discreto pero totalmente visible tama\u00f1o 40x75mm. 100 piezas\/paquete.<\/p>","protected":false},"featured_media":133731,"template":"","meta":{"_acf_changed":false},"product_brand":[],"product_cat":[4282],"product_tag":[4376],"class_list":{"0":"post-116833","1":"product","2":"type-product","3":"status-publish","4":"has-post-thumbnail","6":"product_cat-namnskyltar-med-nal","7":"product_tag-transparent","8":"product_shipping_class-tunga-paket","9":"pa_brands-durable","10":"pa_farg-transparent","11":"tm-no-options","13":"first","14":"instock","15":"sale","16":"taxable","17":"shipping-taxable","18":"purchasable","19":"product-type-simple"},"acf":[],"_links":{"self":[{"href":"https:\/\/secureus.se\/es\/wp-json\/wp\/v2\/product\/116833","targetHints":{"allow":["GET"]}}],"collection":[{"href":"https:\/\/secureus.se\/es\/wp-json\/wp\/v2\/product"}],"about":[{"href":"https:\/\/secureus.se\/es\/wp-json\/wp\/v2\/types\/product"}],"wp:featuredmedia":[{"embeddable":true,"href":"https:\/\/secureus.se\/es\/wp-json\/wp\/v2\/media\/133731"}],"wp:attachment":[{"href":"https:\/\/secureus.se\/es\/wp-json\/wp\/v2\/media?parent=116833"}],"wp:term":[{"taxonomy":"product_brand","embeddable":true,"href":"https:\/\/secureus.se\/es\/wp-json\/wp\/v2\/product_brand?post=116833"},{"taxonomy":"product_cat","embeddable":true,"href":"https:\/\/secureus.se\/es\/wp-json\/wp\/v2\/product_cat?post=116833"},{"taxonomy":"product_tag","embeddable":true,"href":"https:\/\/secureus.se\/es\/wp-json\/wp\/v2\/product_tag?post=116833"}],"curies":[{"name":"wp","href":"https:\/\/api.w.org\/{rel}","templated":true}]}}