{"id":116888,"date":"2024-11-05T16:56:54","date_gmt":"2024-11-05T15:56:54","guid":{"rendered":"https:\/\/secureus.se\/?post_type=product&#038;p=116888"},"modified":"2026-01-12T12:56:30","modified_gmt":"2026-01-12T11:56:30","slug":"markeringstejp-duraline-basic-50-016-6","status":"publish","type":"product","link":"https:\/\/secureus.se\/es\/markeringstejp-duraline-basic-50-016-6\/","title":{"rendered":"Cinta de marcado DURALINE\u00ae BASIC 50\/016"},"content":{"rendered":"<p>Cinta de advertencia autoadhesiva de color amarillo\/negro que se puede adaptar para adaptarse a superficies irregulares o alrededor de bordes y esquinas. El adhesivo de goma de la cinta, adem\u00e1s de ser maleable, tambi\u00e9n significa que se puede quitar f\u00e1cilmente sin dejar ning\u00fan residuo de adhesivo, lo que la hace perfecta para llamar la atenci\u00f3n sobre peligros y riesgos tanto temporales como m\u00e1s permanentes. Para uso en interiores sobre superficies limpias, libres de aceite y polvo. Aseg\u00farese de que los pisos, columnas, barandillas, puertas, etc. que puedan suponer un riesgo est\u00e9n claramente marcados y se se\u00f1alen adecuadamente a la atenci\u00f3n de quienes los rodean. La cinta es lisa y no tiene ninguna clasificaci\u00f3n antideslizante. Se incluyen instrucciones de montaje. Ancho: 50 mm Grosor: 0,16 mm Longitud: 33 m<\/p>","protected":false},"excerpt":{"rendered":"<p>Cinta de advertencia para marcar, codificar por colores y llamar la atenci\u00f3n sobre, por ejemplo, peligros y riesgos en interiores.<\/p>","protected":false},"featured_media":135655,"template":"","meta":{"_acf_changed":false},"product_brand":[],"product_cat":[4303],"product_tag":[4386],"class_list":{"0":"post-116888","1":"product","2":"type-product","3":"status-publish","4":"has-post-thumbnail","6":"product_cat-golvtejp","7":"product_tag-gul-svart","8":"product_shipping_class-tunga-paket","9":"pa_brands-durable","10":"pa_farg-gul-svart","11":"tm-no-options","13":"first","14":"instock","15":"sale","16":"taxable","17":"shipping-taxable","18":"purchasable","19":"product-type-simple"},"acf":[],"_links":{"self":[{"href":"https:\/\/secureus.se\/es\/wp-json\/wp\/v2\/product\/116888","targetHints":{"allow":["GET"]}}],"collection":[{"href":"https:\/\/secureus.se\/es\/wp-json\/wp\/v2\/product"}],"about":[{"href":"https:\/\/secureus.se\/es\/wp-json\/wp\/v2\/types\/product"}],"wp:featuredmedia":[{"embeddable":true,"href":"https:\/\/secureus.se\/es\/wp-json\/wp\/v2\/media\/135655"}],"wp:attachment":[{"href":"https:\/\/secureus.se\/es\/wp-json\/wp\/v2\/media?parent=116888"}],"wp:term":[{"taxonomy":"product_brand","embeddable":true,"href":"https:\/\/secureus.se\/es\/wp-json\/wp\/v2\/product_brand?post=116888"},{"taxonomy":"product_cat","embeddable":true,"href":"https:\/\/secureus.se\/es\/wp-json\/wp\/v2\/product_cat?post=116888"},{"taxonomy":"product_tag","embeddable":true,"href":"https:\/\/secureus.se\/es\/wp-json\/wp\/v2\/product_tag?post=116888"}],"curies":[{"name":"wp","href":"https:\/\/api.w.org\/{rel}","templated":true}]}}