{"id":116968,"date":"2024-11-05T17:22:36","date_gmt":"2024-11-05T16:22:36","guid":{"rendered":"https:\/\/secureus.se\/?post_type=product&#038;p=116968"},"modified":"2026-01-12T12:45:13","modified_gmt":"2026-01-12T11:45:13","slug":"sjalvhaftande-ficka-pocketfix-90x57-10-st","status":"publish","type":"product","link":"https:\/\/secureus.se\/es\/sjalvhaftande-ficka-pocketfix-90x57-10-st\/","title":{"rendered":"Bolsillo autoadhesivo POCKETFIX\u00ae 90\u00d757 10 uds"},"content":{"rendered":"<p>Etiqueta carpetas, archivadores, cajas, etc. con etiquetas que se colocan en una funda autoadhesiva POCKETFIX\u00ae. El bolsillo transparente est\u00e1 hecho de pl\u00e1stico polipropileno. Este bolsillo para tarjetas de presentaci\u00f3n tiene una abertura a lo largo de un lado corto y un agarre para el pulgar para extraer la tarjeta f\u00e1cilmente. Se suministra con etiquetas blancas en hojas que se pueden imprimir en una impresora. El programa gratuito DURAPRINT\u00ae incluye una plantilla para crear la etiqueta. Dimensiones interiores: 90\u00d757. Dimensiones externas: 93\u00d762 mm (AnchoxAlto). Bolsa con 10 bolsillos.<\/p>","protected":false},"excerpt":{"rendered":"<p>Bolsillo autoadhesivo con apertura en un lado corto. Para tarjetas de visita en formato 90\u00d757.<\/p>","protected":false},"featured_media":135361,"template":"","meta":{"_acf_changed":false},"product_brand":[],"product_cat":[4252],"product_tag":[4376],"class_list":{"0":"post-116968","1":"product","2":"type-product","3":"status-publish","4":"has-post-thumbnail","6":"product_cat-sjalvhaftande-fickor","7":"product_tag-transparent","8":"product_shipping_class-tunga-paket","9":"pa_brands-durable","10":"pa_farg-transparent","11":"tm-no-options","13":"first","14":"instock","15":"sale","16":"taxable","17":"shipping-taxable","18":"purchasable","19":"product-type-simple"},"acf":[],"_links":{"self":[{"href":"https:\/\/secureus.se\/es\/wp-json\/wp\/v2\/product\/116968","targetHints":{"allow":["GET"]}}],"collection":[{"href":"https:\/\/secureus.se\/es\/wp-json\/wp\/v2\/product"}],"about":[{"href":"https:\/\/secureus.se\/es\/wp-json\/wp\/v2\/types\/product"}],"wp:featuredmedia":[{"embeddable":true,"href":"https:\/\/secureus.se\/es\/wp-json\/wp\/v2\/media\/135361"}],"wp:attachment":[{"href":"https:\/\/secureus.se\/es\/wp-json\/wp\/v2\/media?parent=116968"}],"wp:term":[{"taxonomy":"product_brand","embeddable":true,"href":"https:\/\/secureus.se\/es\/wp-json\/wp\/v2\/product_brand?post=116968"},{"taxonomy":"product_cat","embeddable":true,"href":"https:\/\/secureus.se\/es\/wp-json\/wp\/v2\/product_cat?post=116968"},{"taxonomy":"product_tag","embeddable":true,"href":"https:\/\/secureus.se\/es\/wp-json\/wp\/v2\/product_tag?post=116968"}],"curies":[{"name":"wp","href":"https:\/\/api.w.org\/{rel}","templated":true}]}}