{"id":117022,"date":"2024-11-05T17:20:48","date_gmt":"2024-11-05T16:20:48","guid":{"rendered":"https:\/\/secureus.se\/?post_type=product&#038;p=117022"},"modified":"2026-01-12T12:47:13","modified_gmt":"2026-01-12T11:47:13","slug":"sjalvhaftande-ficka-pocketfix-plus-90x57-10-st","status":"publish","type":"product","link":"https:\/\/secureus.se\/es\/sjalvhaftande-ficka-pocketfix-plus-90x57-10-st\/","title":{"rendered":"Bolsillo autoadhesivo POCKETFIX\u00ae PLUS 90\u00d757 10 uds"},"content":{"rendered":"<p>Etiqueta carpetas, archivadores, cajas, etc. con etiquetas que se colocan en una funda autoadhesiva POCKETFIX\u00ae. El bolsillo transparente est\u00e1 hecho de pl\u00e1stico polipropileno. Este bolsillo para tarjetas de presentaci\u00f3n tiene una abertura a lo largo de un lado largo y una solapa que se puede doblar hacia abajo para cerrar el bolsillo. Tiene capacidad para hasta 15 tarjetas de presentaci\u00f3n. Dimensiones interiores: 90\u00d757. Dimensiones externas: 106\u00d765 mm (AnchoxAlto). Bolsa con 10 bolsillos.<\/p>","protected":false},"excerpt":{"rendered":"<p>Bolsillo autoadhesivo con apertura en un lado largo y solapa de cierre. Tiene capacidad para aproximadamente 15 tarjetas de presentaci\u00f3n en formato 90\u00d757.<\/p>","protected":false},"featured_media":135473,"template":"","meta":{"_acf_changed":false},"product_brand":[],"product_cat":[4287,4252],"product_tag":[4376],"class_list":{"0":"post-117022","1":"product","2":"type-product","3":"status-publish","4":"has-post-thumbnail","6":"product_cat-kabelsamlare","7":"product_cat-sjalvhaftande-fickor","8":"product_tag-transparent","9":"product_shipping_class-tunga-paket","10":"pa_brands-durable","11":"pa_farg-transparent","12":"tm-no-options","14":"first","15":"instock","16":"sale","17":"taxable","18":"shipping-taxable","19":"purchasable","20":"product-type-simple"},"acf":[],"_links":{"self":[{"href":"https:\/\/secureus.se\/es\/wp-json\/wp\/v2\/product\/117022","targetHints":{"allow":["GET"]}}],"collection":[{"href":"https:\/\/secureus.se\/es\/wp-json\/wp\/v2\/product"}],"about":[{"href":"https:\/\/secureus.se\/es\/wp-json\/wp\/v2\/types\/product"}],"wp:featuredmedia":[{"embeddable":true,"href":"https:\/\/secureus.se\/es\/wp-json\/wp\/v2\/media\/135473"}],"wp:attachment":[{"href":"https:\/\/secureus.se\/es\/wp-json\/wp\/v2\/media?parent=117022"}],"wp:term":[{"taxonomy":"product_brand","embeddable":true,"href":"https:\/\/secureus.se\/es\/wp-json\/wp\/v2\/product_brand?post=117022"},{"taxonomy":"product_cat","embeddable":true,"href":"https:\/\/secureus.se\/es\/wp-json\/wp\/v2\/product_cat?post=117022"},{"taxonomy":"product_tag","embeddable":true,"href":"https:\/\/secureus.se\/es\/wp-json\/wp\/v2\/product_tag?post=117022"}],"curies":[{"name":"wp","href":"https:\/\/api.w.org\/{rel}","templated":true}]}}