{"id":117054,"date":"2024-11-05T16:53:25","date_gmt":"2024-11-05T15:53:25","guid":{"rendered":"https:\/\/secureus.se\/?post_type=product&#038;p=117054"},"modified":"2026-01-12T12:01:38","modified_gmt":"2026-01-12T11:01:38","slug":"plastficka-magnetisk-hard-cover-a5-l","status":"publish","type":"product","link":"https:\/\/secureus.se\/es\/plastficka-magnetisk-hard-cover-a5-l\/","title":{"rendered":"Bolsillo de pl\u00e1stico magn\u00e9tico TAPA DURA A5 L"},"content":{"rendered":"<p>El etiquetado claro y conciso de estantes, armarios, puertas, contenedores y otros espacios mejora y agiliza el proceso de trabajo en almacenes e instalaciones de producci\u00f3n. Las bolsas de pl\u00e1stico magn\u00e9ticas transparentes hechas de pl\u00e1stico PET r\u00edgido se pueden leer con un esc\u00e1ner. Las etiquetas son f\u00e1ciles de cambiar porque los bolsillos est\u00e1n abiertos en la parte superior y en ambos lados y tambi\u00e9n tienen esquinas biseladas para facilitar la obtenci\u00f3n del inserto. Dos tiras magn\u00e9ticas en la parte posterior mantienen el bolsillo firmemente en su lugar. Cada portaetiquetas est\u00e1 cubierto con una pel\u00edcula de pl\u00e1stico transparente que lo protege contra ara\u00f1azos durante el transporte y el almacenamiento. La pel\u00edcula protectora se quita f\u00e1cilmente cuando se va a utilizar el producto. Una plantilla gratuita para la etiqueta est\u00e1 disponible en www.duraprint.se.<br \/>\nDimensiones interiores: A5L (210 \u00d7 148 mm de ancho x alto)<br \/>\nDimensiones externas: 213 x 153 mm (ancho x alto)<br \/>\nAccesorios: Etiquetas en hojas A4, art. No. 485502<\/p>","protected":false},"excerpt":{"rendered":"<p>Funda de pl\u00e1stico PET en formato A5 apaisado con dos bandas magn\u00e9ticas en la parte posterior. Para uso en superficies met\u00e1licas como estantes de almac\u00e9n y contenedores met\u00e1licos.<\/p>","protected":false},"featured_media":136139,"template":"","meta":{"_acf_changed":false},"product_brand":[],"product_cat":[4306],"product_tag":[4376],"class_list":{"0":"post-117054","1":"product","2":"type-product","3":"status-publish","4":"has-post-thumbnail","6":"product_cat-markning-pallstall","7":"product_tag-transparent","8":"product_shipping_class-tunga-paket","9":"pa_brands-durable","10":"pa_farg-transparent","11":"tm-no-options","13":"first","14":"instock","15":"sale","16":"taxable","17":"shipping-taxable","18":"purchasable","19":"product-type-simple"},"acf":[],"_links":{"self":[{"href":"https:\/\/secureus.se\/es\/wp-json\/wp\/v2\/product\/117054","targetHints":{"allow":["GET"]}}],"collection":[{"href":"https:\/\/secureus.se\/es\/wp-json\/wp\/v2\/product"}],"about":[{"href":"https:\/\/secureus.se\/es\/wp-json\/wp\/v2\/types\/product"}],"wp:featuredmedia":[{"embeddable":true,"href":"https:\/\/secureus.se\/es\/wp-json\/wp\/v2\/media\/136139"}],"wp:attachment":[{"href":"https:\/\/secureus.se\/es\/wp-json\/wp\/v2\/media?parent=117054"}],"wp:term":[{"taxonomy":"product_brand","embeddable":true,"href":"https:\/\/secureus.se\/es\/wp-json\/wp\/v2\/product_brand?post=117054"},{"taxonomy":"product_cat","embeddable":true,"href":"https:\/\/secureus.se\/es\/wp-json\/wp\/v2\/product_cat?post=117054"},{"taxonomy":"product_tag","embeddable":true,"href":"https:\/\/secureus.se\/es\/wp-json\/wp\/v2\/product_tag?post=117054"}],"curies":[{"name":"wp","href":"https:\/\/api.w.org\/{rel}","templated":true}]}}