{"id":117083,"date":"2024-11-05T17:19:58","date_gmt":"2024-11-05T16:19:58","guid":{"rendered":"https:\/\/secureus.se\/?post_type=product&#038;p=117083"},"modified":"2026-01-12T12:30:51","modified_gmt":"2026-01-12T11:30:51","slug":"sjalvhaftande-kabelhallare-cavoline-clip-3-2","status":"publish","type":"product","link":"https:\/\/secureus.se\/es\/sjalvhaftande-kabelhallare-cavoline-clip-3-2\/","title":{"rendered":"Sujetacables autoadhesivo CAVOLINE\u00ae CLIP 3"},"content":{"rendered":"<p>Mantenga sus cables organizados con CAVOLINE\u00ae tanto en la oficina como en casa. Re\u00fane los cables para que se vea m\u00e1s ordenado y sea m\u00e1s f\u00e1cil de limpiar.<br \/>\nPorta cables autoadhesivo de pl\u00e1stico blando para 3 cables USB o telef\u00f3nicos de di\u00e1metro m\u00e1ximo de 5 mm. Se adhiere a superficies lisas y limpias. Dimensiones: 20 x 12 x 52 mm (ancho x alto x profundidad)<\/p>","protected":false},"excerpt":{"rendered":"<p>Clip de cable autoadhesivo para 3 cables telef\u00f3nicos o USB.<\/p>","protected":false},"featured_media":135422,"template":"","meta":{"_acf_changed":false},"product_brand":[],"product_cat":[4287,4252],"product_tag":[4404],"class_list":{"0":"post-117083","1":"product","2":"type-product","3":"status-publish","4":"has-post-thumbnail","6":"product_cat-kabelsamlare","7":"product_cat-sjalvhaftande-fickor","8":"product_tag-grafitgra","9":"product_shipping_class-tunga-paket","10":"pa_brands-durable","11":"pa_farg-grafitgra","12":"tm-no-options","14":"first","15":"instock","16":"sale","17":"taxable","18":"shipping-taxable","19":"purchasable","20":"product-type-simple"},"acf":[],"_links":{"self":[{"href":"https:\/\/secureus.se\/es\/wp-json\/wp\/v2\/product\/117083","targetHints":{"allow":["GET"]}}],"collection":[{"href":"https:\/\/secureus.se\/es\/wp-json\/wp\/v2\/product"}],"about":[{"href":"https:\/\/secureus.se\/es\/wp-json\/wp\/v2\/types\/product"}],"wp:featuredmedia":[{"embeddable":true,"href":"https:\/\/secureus.se\/es\/wp-json\/wp\/v2\/media\/135422"}],"wp:attachment":[{"href":"https:\/\/secureus.se\/es\/wp-json\/wp\/v2\/media?parent=117083"}],"wp:term":[{"taxonomy":"product_brand","embeddable":true,"href":"https:\/\/secureus.se\/es\/wp-json\/wp\/v2\/product_brand?post=117083"},{"taxonomy":"product_cat","embeddable":true,"href":"https:\/\/secureus.se\/es\/wp-json\/wp\/v2\/product_cat?post=117083"},{"taxonomy":"product_tag","embeddable":true,"href":"https:\/\/secureus.se\/es\/wp-json\/wp\/v2\/product_tag?post=117083"}],"curies":[{"name":"wp","href":"https:\/\/api.w.org\/{rel}","templated":true}]}}