{"id":117115,"date":"2024-11-05T17:03:28","date_gmt":"2024-11-05T16:03:28","guid":{"rendered":"https:\/\/secureus.se\/?post_type=product&#038;p=117115"},"modified":"2026-01-12T12:35:48","modified_gmt":"2026-01-12T11:35:48","slug":"vario-wall-5","status":"publish","type":"product","link":"https:\/\/secureus.se\/es\/vario-wall-5\/","title":{"rendered":"VARIO\u00ae PARED 5"},"content":{"rendered":"<p>Stands de informaci\u00f3n y presentaci\u00f3n que tienen muchos nombres diferentes; panel, pantalla, sistema de visi\u00f3n general, registro de ala, soporte de PLU, soporte de documento, hoja de trucos\u2026. Independientemente del nombre, tiene muchos usos en oficinas, tiendas, cocinas, mostradores de caja, exposiciones, etc. La informaci\u00f3n utilizada con frecuencia se almacena, se encuentra r\u00e1pidamente y es f\u00e1cil de ver en el sistema de descripci\u00f3n general. VARIO\u00ae WALL es un estante de pared completo con 5 bolsillos de pl\u00e1stico antirreflectantes y escaneables hechos de polipropileno (rojo) para documentos en formato A4. Soportes de cabezal extra\u00edbles de 58 mm, tornillos y tacos incluidos. Al insertar y quitar los bolsillos, es una buena idea doblar el bolsillo un poco con cuidado en el medio a lo largo del lado largo interior. Esto har\u00e1 que sea m\u00e1s f\u00e1cil insertar y quitar el bolsillo sin da\u00f1ar las puntas del soporte. 5 a\u00f1os de garant\u00eda. Los t\u00e9rminos de garant\u00eda se pueden encontrar aqu\u00ed: https:\/\/www.durable.se\/sv_SE\/service\/garanti\/garanti-foer-sherpa-vario\/<\/p>","protected":false},"excerpt":{"rendered":"<p>Estanter\u00eda de pared met\u00e1lica completa con 5 paneles A4 abatibles para tener a mano de forma r\u00e1pida y clara la informaci\u00f3n de uso frecuente. <\/p>","protected":false},"featured_media":135713,"template":"","meta":{"_acf_changed":false},"product_brand":[],"product_cat":[4299],"product_tag":[4389],"class_list":{"0":"post-117115","1":"product","2":"type-product","3":"status-publish","4":"has-post-thumbnail","6":"product_cat-bladderpanelsystem-vagg","7":"product_tag-rod","8":"product_shipping_class-tunga-paket","9":"pa_brands-durable","10":"pa_farg-rod","11":"tm-no-options","13":"first","14":"instock","15":"sale","16":"taxable","17":"shipping-taxable","18":"purchasable","19":"product-type-simple"},"acf":[],"_links":{"self":[{"href":"https:\/\/secureus.se\/es\/wp-json\/wp\/v2\/product\/117115","targetHints":{"allow":["GET"]}}],"collection":[{"href":"https:\/\/secureus.se\/es\/wp-json\/wp\/v2\/product"}],"about":[{"href":"https:\/\/secureus.se\/es\/wp-json\/wp\/v2\/types\/product"}],"wp:featuredmedia":[{"embeddable":true,"href":"https:\/\/secureus.se\/es\/wp-json\/wp\/v2\/media\/135713"}],"wp:attachment":[{"href":"https:\/\/secureus.se\/es\/wp-json\/wp\/v2\/media?parent=117115"}],"wp:term":[{"taxonomy":"product_brand","embeddable":true,"href":"https:\/\/secureus.se\/es\/wp-json\/wp\/v2\/product_brand?post=117115"},{"taxonomy":"product_cat","embeddable":true,"href":"https:\/\/secureus.se\/es\/wp-json\/wp\/v2\/product_cat?post=117115"},{"taxonomy":"product_tag","embeddable":true,"href":"https:\/\/secureus.se\/es\/wp-json\/wp\/v2\/product_tag?post=117115"}],"curies":[{"name":"wp","href":"https:\/\/api.w.org\/{rel}","templated":true}]}}