{"id":117141,"date":"2024-11-05T16:51:16","date_gmt":"2024-11-05T15:51:16","guid":{"rendered":"https:\/\/secureus.se\/?post_type=product&#038;p=117141"},"modified":"2026-03-11T14:45:08","modified_gmt":"2026-03-11T13:45:08","slug":"surfplattehallare-twist-floor","status":"publish","type":"product","link":"https:\/\/secureus.se\/es\/surfplattehallare-twist-floor\/","title":{"rendered":"Soporte para tableta TWIST FLOOR"},"content":{"rendered":"<p>TWIST FLOOR es un soporte de suelo con una base para tablet o tel\u00e9fono m\u00f3vil, ideal para ver pel\u00edculas y compartir informaci\u00f3n en espacios p\u00fablicos, ferias, exposiciones, hoteles y restaurantes. La serie TWIST cuenta con una base con almohadillas antideslizantes que mantienen el dispositivo en su lugar y lo protegen de ara\u00f1azos. La base se adapta a tablets o tel\u00e9fonos m\u00f3viles como iPhone, iPad y Samsung de 4,7&quot; a 13&quot; con un peso m\u00e1ximo de 800 g y est\u00e1 fijada a una r\u00f3tula giratoria de 360\u00b0. Tambi\u00e9n incluye una abertura para el cable de carga. TWIST FLOOR tiene una base telesc\u00f3pica de tres patas con un amplio rango de ajuste de altura entre 1,12 y 1,69 m. Plegado, mide 70 cm y la bolsa incluida facilita su transporte. Su robusto brazo flexible permite un ajuste continuo de altura y \u00e1ngulo de lectura, y se detiene en la posici\u00f3n deseada. Fabricado con un 401% de material reciclado y 100% reciclable al final de su vida \u00fatil.<\/p>","protected":false},"excerpt":{"rendered":"<p>Soporte para tablet o m\u00f3vil 4,7-13\u2033. Soporte de suelo con cuello de cisne flexible y articulaci\u00f3n inclinable.<\/p>","protected":false},"featured_media":135731,"template":"","meta":{"_acf_changed":false},"product_brand":[],"product_cat":[4236],"product_tag":[4381],"class_list":{"0":"post-117141","1":"product","2":"type-product","3":"status-publish","4":"has-post-thumbnail","6":"product_cat-surfplattehallare","7":"product_tag-svart","8":"product_shipping_class-tunga-paket","9":"pa_brands-durable","10":"pa_farg-svart","11":"tm-no-options","13":"first","14":"instock","15":"sale","16":"taxable","17":"shipping-taxable","18":"purchasable","19":"product-type-simple"},"acf":[],"_links":{"self":[{"href":"https:\/\/secureus.se\/es\/wp-json\/wp\/v2\/product\/117141","targetHints":{"allow":["GET"]}}],"collection":[{"href":"https:\/\/secureus.se\/es\/wp-json\/wp\/v2\/product"}],"about":[{"href":"https:\/\/secureus.se\/es\/wp-json\/wp\/v2\/types\/product"}],"wp:featuredmedia":[{"embeddable":true,"href":"https:\/\/secureus.se\/es\/wp-json\/wp\/v2\/media\/135731"}],"wp:attachment":[{"href":"https:\/\/secureus.se\/es\/wp-json\/wp\/v2\/media?parent=117141"}],"wp:term":[{"taxonomy":"product_brand","embeddable":true,"href":"https:\/\/secureus.se\/es\/wp-json\/wp\/v2\/product_brand?post=117141"},{"taxonomy":"product_cat","embeddable":true,"href":"https:\/\/secureus.se\/es\/wp-json\/wp\/v2\/product_cat?post=117141"},{"taxonomy":"product_tag","embeddable":true,"href":"https:\/\/secureus.se\/es\/wp-json\/wp\/v2\/product_tag?post=117141"}],"curies":[{"name":"wp","href":"https:\/\/api.w.org\/{rel}","templated":true}]}}