{"id":117159,"date":"2024-11-20T14:13:39","date_gmt":"2024-11-20T13:13:39","guid":{"rendered":"https:\/\/secureus.se\/?post_type=product&#038;p=117159"},"modified":"2026-01-12T12:51:16","modified_gmt":"2026-01-12T11:51:16","slug":"namnskylt-classic-34x74-magnetfaste","status":"publish","type":"product","link":"https:\/\/secureus.se\/es\/namnskylt-classic-34x74-magnetfaste\/","title":{"rendered":"Placa de identificaci\u00f3n CLASSIC 34\u00d774, montaje magn\u00e9tico"},"content":{"rendered":"<p>Participantes en congresos, visitantes de empresas, colaboradores en ferias, en tiendas, profesionales del sector servicios, vendedores\u2026 la lista puede ser muy larga cuando se necesitan credenciales con nombres en distintos tama\u00f1os, dise\u00f1os y posibilidades de fijaci\u00f3n. Este elegante cartel de 34\u00d774 mm con aspecto de aluminio y marco resistente a los ara\u00f1azos es ligeramente convexo, lo que hace que el texto sea muy f\u00e1cil de leer. Cierre magn\u00e9tico apto para textiles que funciona bien en prendas delicadas. \u00a1NOTA! No apto para personas con marcapasos. F\u00e1cil de quitar y reemplazar la etiqueta con el nombre. Etiquetas blancas incluidas. Las etiquetas en hojas A4 para imprimir en la impresora se pueden pedir por separado. Utilice el programa gratuito DURAPRINT\u00ae disponible en www.duraprint.se para crear e imprimir elegantes etiquetas con nombres.<br \/>\nAccesorios:<br \/>\nEtiquetas Badgemaker\u00ae en hojas A4 para imprimir en impresoras, n.\u00ba de art\u00edculo 142502<\/p>","protected":false},"excerpt":{"rendered":"<p>Placa de identificaci\u00f3n ligeramente convexa con marco galvanizado y montaje magn\u00e9tico. Elegante aspecto de aluminio en tama\u00f1o 34x74 mm. 10 piezas\/paquete.<\/p>","protected":false},"featured_media":133571,"template":"","meta":{"_acf_changed":false},"product_brand":[],"product_cat":[4286],"product_tag":[4382],"class_list":{"0":"post-117159","1":"product","2":"type-product","3":"status-publish","4":"has-post-thumbnail","6":"product_cat-namnskyltar-med-magnet","7":"product_tag-silver","8":"product_shipping_class-tunga-paket","9":"pa_brands-durable","10":"pa_farg-silver","11":"tm-no-options","13":"first","14":"instock","15":"sale","16":"taxable","17":"shipping-taxable","18":"purchasable","19":"product-type-simple"},"acf":[],"_links":{"self":[{"href":"https:\/\/secureus.se\/es\/wp-json\/wp\/v2\/product\/117159","targetHints":{"allow":["GET"]}}],"collection":[{"href":"https:\/\/secureus.se\/es\/wp-json\/wp\/v2\/product"}],"about":[{"href":"https:\/\/secureus.se\/es\/wp-json\/wp\/v2\/types\/product"}],"wp:featuredmedia":[{"embeddable":true,"href":"https:\/\/secureus.se\/es\/wp-json\/wp\/v2\/media\/133571"}],"wp:attachment":[{"href":"https:\/\/secureus.se\/es\/wp-json\/wp\/v2\/media?parent=117159"}],"wp:term":[{"taxonomy":"product_brand","embeddable":true,"href":"https:\/\/secureus.se\/es\/wp-json\/wp\/v2\/product_brand?post=117159"},{"taxonomy":"product_cat","embeddable":true,"href":"https:\/\/secureus.se\/es\/wp-json\/wp\/v2\/product_cat?post=117159"},{"taxonomy":"product_tag","embeddable":true,"href":"https:\/\/secureus.se\/es\/wp-json\/wp\/v2\/product_tag?post=117159"}],"curies":[{"name":"wp","href":"https:\/\/api.w.org\/{rel}","templated":true}]}}