{"id":117170,"date":"2024-11-05T17:02:15","date_gmt":"2024-11-05T16:02:15","guid":{"rendered":"https:\/\/secureus.se\/?post_type=product&#038;p=117170"},"modified":"2026-01-12T12:04:26","modified_gmt":"2026-01-12T11:04:26","slug":"varseldekal-gaende-hanvisas-hit","status":"publish","type":"product","link":"https:\/\/secureus.se\/es\/varseldekal-gaende-hanvisas-hit\/","title":{"rendered":"Adhesivo de advertencia: \u00abAqu\u00ed se dirigen los peatones\u00bb"},"content":{"rendered":"<p>La calcoman\u00eda autoadhesiva de gran tama\u00f1o para piso &quot;Para peatones&quot; informa claramente a los visitantes y al personal d\u00f3nde es apropiado y deseable caminar para aumentar la seguridad y reducir el riesgo de accidentes. Se adhiere a pisos de concreto limpios y secos. Resistentes y duraderas, con \u00edndice de resistencia al deslizamiento R9 seg\u00fan DIN 51130. Las se\u00f1ales cumplen con los requisitos de la norma ISO 7010.<br \/>\nDimensiones: \u00d8 430 mm, espesor 0,4 mm<\/p>","protected":false},"excerpt":{"rendered":"<p>Se\u00f1al autoadhesiva de obligaci\u00f3n de aplicaci\u00f3n en suelo. Informa claramente a los peatones d\u00f3nde caminar y contribuye a aumentar la seguridad y la conciencia de los riesgos.<\/p>","protected":false},"featured_media":136939,"template":"","meta":{"_acf_changed":false},"product_brand":[],"product_cat":[4307],"product_tag":[4387],"class_list":{"0":"post-117170","1":"product","2":"type-product","3":"status-publish","4":"has-post-thumbnail","6":"product_cat-sakerhetsmarkning","7":"product_tag-bla","8":"product_shipping_class-tunga-paket","9":"pa_brands-durable","10":"pa_farg-bla","11":"tm-no-options","13":"first","14":"instock","15":"sale","16":"taxable","17":"shipping-taxable","18":"purchasable","19":"product-type-simple"},"acf":[],"_links":{"self":[{"href":"https:\/\/secureus.se\/es\/wp-json\/wp\/v2\/product\/117170","targetHints":{"allow":["GET"]}}],"collection":[{"href":"https:\/\/secureus.se\/es\/wp-json\/wp\/v2\/product"}],"about":[{"href":"https:\/\/secureus.se\/es\/wp-json\/wp\/v2\/types\/product"}],"wp:featuredmedia":[{"embeddable":true,"href":"https:\/\/secureus.se\/es\/wp-json\/wp\/v2\/media\/136939"}],"wp:attachment":[{"href":"https:\/\/secureus.se\/es\/wp-json\/wp\/v2\/media?parent=117170"}],"wp:term":[{"taxonomy":"product_brand","embeddable":true,"href":"https:\/\/secureus.se\/es\/wp-json\/wp\/v2\/product_brand?post=117170"},{"taxonomy":"product_cat","embeddable":true,"href":"https:\/\/secureus.se\/es\/wp-json\/wp\/v2\/product_cat?post=117170"},{"taxonomy":"product_tag","embeddable":true,"href":"https:\/\/secureus.se\/es\/wp-json\/wp\/v2\/product_tag?post=117170"}],"curies":[{"name":"wp","href":"https:\/\/api.w.org\/{rel}","templated":true}]}}