{"id":117178,"date":"2024-11-05T17:18:50","date_gmt":"2024-11-05T16:18:50","guid":{"rendered":"https:\/\/secureus.se\/?post_type=product&#038;p=117178"},"modified":"2026-01-12T12:49:00","modified_gmt":"2026-01-12T11:49:00","slug":"sjalvlaminerande-sjalvhaftande-ficka-seal-it-a4-10-fp","status":"publish","type":"product","link":"https:\/\/secureus.se\/es\/sjalvlaminerande-sjalvhaftande-ficka-seal-it-a4-10-fp\/","title":{"rendered":"Bolsillo autoadhesivo y laminado SEAL IT A4 10\/paquete"},"content":{"rendered":"<p>Al envolver fotos, documentos, instrucciones, etc., quedan protegidos de la suciedad, la humedad y otros da\u00f1os. SEAL IT es una serie de bolsas laminadas en fr\u00edo, lo que significa que no se necesita ninguna m\u00e1quina laminadora. \u00a1Coloca el papel entre las hojas y retira el papel protector de arriba a abajo en la hoja superior y une pieza por pieza y la hoja estar\u00e1 envuelta! Este bolsillo es autoadhesivo en la parte posterior. Se adhiere a superficies s\u00f3lidas y lisas, se puede quitar y reinstalar. Para hojas tama\u00f1o A4. Paquete de 10 uds.<\/p>","protected":false},"excerpt":{"rendered":"<p>Bolsillo para envolver hojas A4 sin necesidad de m\u00e1quina laminadora. Parte trasera autoadhesiva.<\/p>","protected":false},"featured_media":135919,"template":"","meta":{"_acf_changed":false},"product_brand":[],"product_cat":[4311],"product_tag":[4376],"class_list":{"0":"post-117178","1":"product","2":"type-product","3":"status-publish","4":"has-post-thumbnail","6":"product_cat-lamineringsfickor","7":"product_tag-transparent","8":"product_shipping_class-tunga-paket","9":"pa_brands-durable","10":"pa_farg-transparent","11":"tm-no-options","13":"first","14":"instock","15":"sale","16":"taxable","17":"shipping-taxable","18":"purchasable","19":"product-type-simple"},"acf":[],"_links":{"self":[{"href":"https:\/\/secureus.se\/es\/wp-json\/wp\/v2\/product\/117178","targetHints":{"allow":["GET"]}}],"collection":[{"href":"https:\/\/secureus.se\/es\/wp-json\/wp\/v2\/product"}],"about":[{"href":"https:\/\/secureus.se\/es\/wp-json\/wp\/v2\/types\/product"}],"wp:featuredmedia":[{"embeddable":true,"href":"https:\/\/secureus.se\/es\/wp-json\/wp\/v2\/media\/135919"}],"wp:attachment":[{"href":"https:\/\/secureus.se\/es\/wp-json\/wp\/v2\/media?parent=117178"}],"wp:term":[{"taxonomy":"product_brand","embeddable":true,"href":"https:\/\/secureus.se\/es\/wp-json\/wp\/v2\/product_brand?post=117178"},{"taxonomy":"product_cat","embeddable":true,"href":"https:\/\/secureus.se\/es\/wp-json\/wp\/v2\/product_cat?post=117178"},{"taxonomy":"product_tag","embeddable":true,"href":"https:\/\/secureus.se\/es\/wp-json\/wp\/v2\/product_tag?post=117178"}],"curies":[{"name":"wp","href":"https:\/\/api.w.org\/{rel}","templated":true}]}}