{"id":117182,"date":"2024-11-20T14:14:11","date_gmt":"2024-11-20T13:14:11","guid":{"rendered":"https:\/\/secureus.se\/?post_type=product&#038;p=117182"},"modified":"2026-01-12T12:48:59","modified_gmt":"2026-01-12T11:48:59","slug":"namnskylt-click-fold-54x90-med-magnet-fix-placehold","status":"publish","type":"product","link":"https:\/\/secureus.se\/es\/namnskylt-click-fold-54x90-med-magnet-fix-placehold\/","title":{"rendered":"Placa de identificaci\u00f3n CLICK FOLD 54\u00d790 con fijaci\u00f3n magn\u00e9tica (colocar y sujetar)"},"content":{"rendered":"<p>Participantes en congresos, visitantes de empresas, colaboradores en ferias, en tiendas, profesionales del sector servicios, vendedores\u2026 la lista puede ser muy larga cuando se necesitan identificaciones en distintos tama\u00f1os, dise\u00f1os y posibilidades de fijaci\u00f3n. La serie Clic Fold est\u00e1 hecha de pl\u00e1stico polipropileno reciclado 70%, plegable con un \u201ccierre a presi\u00f3n\u201d para reemplazar f\u00e1cilmente la etiqueta, que siempre permanece segura en su lugar. Esta etiqueta de nombre de 40 x 75 mm tiene un accesorio magn\u00e9tico apto para textiles que funciona bien en prendas delicadas. El soporte magn\u00e9tico est\u00e1 fijo para que la placa permanezca en la posici\u00f3n deseada y no gire en ninguna direcci\u00f3n. \u00a1NOTA! No apto para personas con marcapasos. Se incluyen etiquetas blancas en una tira. Las etiquetas en hojas A4 para imprimir en la impresora se pueden pedir por separado. Utilice el programa gratuito DURAPRINT\u00ae disponible en www.duraprint.se para crear e imprimir elegantes etiquetas con nombres.<br \/>\nAccesorios:<br \/>\nEtiquetas Badgemaker\u00ae en hojas A4 para imprimir en impresoras, n.\u00ba de art\u00edculo 145502<\/p>","protected":false},"excerpt":{"rendered":"<p>Placa de identificaci\u00f3n ligeramente convexa de 54\u00d790 con \u201ccierre a presi\u00f3n\u201d para que la etiqueta no se caiga. Soporte magn\u00e9tico fijo que sujeta la placa en la posici\u00f3n deseada. 10 piezas\/paquete.<\/p>","protected":false},"featured_media":133913,"template":"","meta":{"_acf_changed":false},"product_brand":[],"product_cat":[4286],"product_tag":[4376],"class_list":{"0":"post-117182","1":"product","2":"type-product","3":"status-publish","4":"has-post-thumbnail","6":"product_cat-namnskyltar-med-magnet","7":"product_tag-transparent","8":"product_shipping_class-tunga-paket","9":"pa_brands-durable","10":"pa_farg-transparent","11":"tm-no-options","13":"first","14":"instock","15":"sale","16":"taxable","17":"shipping-taxable","18":"purchasable","19":"product-type-simple"},"acf":[],"_links":{"self":[{"href":"https:\/\/secureus.se\/es\/wp-json\/wp\/v2\/product\/117182","targetHints":{"allow":["GET"]}}],"collection":[{"href":"https:\/\/secureus.se\/es\/wp-json\/wp\/v2\/product"}],"about":[{"href":"https:\/\/secureus.se\/es\/wp-json\/wp\/v2\/types\/product"}],"wp:featuredmedia":[{"embeddable":true,"href":"https:\/\/secureus.se\/es\/wp-json\/wp\/v2\/media\/133913"}],"wp:attachment":[{"href":"https:\/\/secureus.se\/es\/wp-json\/wp\/v2\/media?parent=117182"}],"wp:term":[{"taxonomy":"product_brand","embeddable":true,"href":"https:\/\/secureus.se\/es\/wp-json\/wp\/v2\/product_brand?post=117182"},{"taxonomy":"product_cat","embeddable":true,"href":"https:\/\/secureus.se\/es\/wp-json\/wp\/v2\/product_cat?post=117182"},{"taxonomy":"product_tag","embeddable":true,"href":"https:\/\/secureus.se\/es\/wp-json\/wp\/v2\/product_tag?post=117182"}],"curies":[{"name":"wp","href":"https:\/\/api.w.org\/{rel}","templated":true}]}}