{"id":117228,"date":"2024-11-05T16:49:39","date_gmt":"2024-11-05T15:49:39","guid":{"rendered":"https:\/\/secureus.se\/?post_type=product&#038;p=117228"},"modified":"2026-01-12T12:33:10","modified_gmt":"2026-01-12T11:33:10","slug":"lada-till-skarmstall-effect","status":"publish","type":"product","link":"https:\/\/secureus.se\/es\/lada-till-skarmstall-effect\/","title":{"rendered":"Caja para soporte de pantalla EFFECT"},"content":{"rendered":"<p>Con un soporte de monitor, la pantalla de la computadora est\u00e1 a una buena altura ergon\u00f3mica y al mismo tiempo libera espacio en el escritorio. Comb\u00ednalo con una caja para guardar bol\u00edgrafos, documentos, cables, etc. La serie EFFECT, a la que pertenece esta caja, est\u00e1 hecha de metal y tiene una base de fieltro suave, absorbente del sonido y duradera. La manta est\u00e1 hecha de pl\u00e1stico PET, del cual 60% est\u00e1 hecho de pl\u00e1stico PET recolectado y reciclado (rPET). Se ha utilizado el material de la parte inferior de la caja para dos rieles deslizantes, que se fijan al soporte de la pantalla. Los agujeros para estos rieles est\u00e1n cubiertos por la alfombra de fieltro. Los productos de la serie son 100% reciclables y est\u00e1n empaquetados de forma sostenible con materiales que ahorran recursos y no utilizan pl\u00e1stico. Carga m\u00e1xima 5 kg. Dimensiones: 46,8 x 5,3 x 22,1 cm (Ancho x Alto x Profundidad)<br \/>\nAccesorios: Soporte de pantalla EFFECT, art\u00edculo n.\u00ba 508158<\/p>","protected":false},"excerpt":{"rendered":"<p>Caja adecuada para el tocador EFECT para, por ejemplo, bol\u00edgrafos y cables de carga. <\/p>","protected":false},"featured_media":136211,"template":"","meta":{"_acf_changed":false},"product_brand":[],"product_cat":[4243],"product_tag":[4381],"class_list":{"0":"post-117228","1":"product","2":"type-product","3":"status-publish","4":"has-post-thumbnail","6":"product_cat-skarmhallare","7":"product_tag-svart","8":"product_shipping_class-tunga-paket","9":"pa_brands-durable","10":"pa_farg-svart","11":"tm-no-options","13":"first","14":"instock","15":"sale","16":"taxable","17":"shipping-taxable","18":"purchasable","19":"product-type-simple"},"acf":[],"_links":{"self":[{"href":"https:\/\/secureus.se\/es\/wp-json\/wp\/v2\/product\/117228","targetHints":{"allow":["GET"]}}],"collection":[{"href":"https:\/\/secureus.se\/es\/wp-json\/wp\/v2\/product"}],"about":[{"href":"https:\/\/secureus.se\/es\/wp-json\/wp\/v2\/types\/product"}],"wp:featuredmedia":[{"embeddable":true,"href":"https:\/\/secureus.se\/es\/wp-json\/wp\/v2\/media\/136211"}],"wp:attachment":[{"href":"https:\/\/secureus.se\/es\/wp-json\/wp\/v2\/media?parent=117228"}],"wp:term":[{"taxonomy":"product_brand","embeddable":true,"href":"https:\/\/secureus.se\/es\/wp-json\/wp\/v2\/product_brand?post=117228"},{"taxonomy":"product_cat","embeddable":true,"href":"https:\/\/secureus.se\/es\/wp-json\/wp\/v2\/product_cat?post=117228"},{"taxonomy":"product_tag","embeddable":true,"href":"https:\/\/secureus.se\/es\/wp-json\/wp\/v2\/product_tag?post=117228"}],"curies":[{"name":"wp","href":"https:\/\/api.w.org\/{rel}","templated":true}]}}