{"id":117236,"date":"2024-11-20T14:14:36","date_gmt":"2024-11-20T13:14:36","guid":{"rendered":"https:\/\/secureus.se\/?post_type=product&#038;p=117236"},"modified":"2026-01-12T12:46:27","modified_gmt":"2026-01-12T11:46:27","slug":"namnskylt-konvex-40x75-nal-klamfaste","status":"publish","type":"product","link":"https:\/\/secureus.se\/es\/namnskylt-konvex-40x75-nal-klamfaste\/","title":{"rendered":"Placa de identificaci\u00f3n convexa 40\u00d775, montaje con pasador\/abrazadera"},"content":{"rendered":"<p>Participantes en congresos, visitantes de empresas, colaboradores en ferias, en tiendas, profesionales del sector servicios, vendedores\u2026 la lista puede ser muy larga cuando se necesitan credenciales con nombres en distintos tama\u00f1os, dise\u00f1os y posibilidades de fijaci\u00f3n. Este letrero de 40 x 75 mm est\u00e1 hecho de acr\u00edlico y es ligeramente convexo, lo que hace que el texto sea muy f\u00e1cil de leer. Abrazadera combinada giratoria que le brinda la opci\u00f3n de c\u00f3mo fijar el cartel. El agarre para el pulgar permite extraer la tarjeta con facilidad. Etiquetas blancas incluidas. Las etiquetas en hojas A4 para imprimir en la impresora se pueden pedir por separado. Utilice el programa gratuito DURAPRINT\u00ae disponible en www.duraprint.se para crear e imprimir elegantes etiquetas con nombres.<br \/>\nAccesorios:<br \/>\nEtiquetas Badgemaker\u00ae en hojas A4 para imprimir en impresoras, n.\u00ba de art\u00edculo 145302<\/p>","protected":false},"excerpt":{"rendered":"<p>Placa de identificaci\u00f3n de acr\u00edlico ligeramente convexa que se puede fijar con un imperdible o un clip. Discreto pero totalmente visible tama\u00f1o 40x75mm. 25 piezas\/paquete.<\/p>","protected":false},"featured_media":133609,"template":"","meta":{"_acf_changed":false},"product_brand":[],"product_cat":[4282],"product_tag":[4390],"class_list":{"0":"post-117236","1":"product","2":"type-product","3":"status-publish","4":"has-post-thumbnail","6":"product_cat-namnskyltar-med-nal","7":"product_tag-morkgra","8":"product_shipping_class-tunga-paket","9":"pa_brands-durable","10":"pa_farg-morkgra","11":"tm-no-options","13":"first","14":"instock","15":"sale","16":"taxable","17":"shipping-taxable","18":"purchasable","19":"product-type-simple"},"acf":[],"_links":{"self":[{"href":"https:\/\/secureus.se\/es\/wp-json\/wp\/v2\/product\/117236","targetHints":{"allow":["GET"]}}],"collection":[{"href":"https:\/\/secureus.se\/es\/wp-json\/wp\/v2\/product"}],"about":[{"href":"https:\/\/secureus.se\/es\/wp-json\/wp\/v2\/types\/product"}],"wp:featuredmedia":[{"embeddable":true,"href":"https:\/\/secureus.se\/es\/wp-json\/wp\/v2\/media\/133609"}],"wp:attachment":[{"href":"https:\/\/secureus.se\/es\/wp-json\/wp\/v2\/media?parent=117236"}],"wp:term":[{"taxonomy":"product_brand","embeddable":true,"href":"https:\/\/secureus.se\/es\/wp-json\/wp\/v2\/product_brand?post=117236"},{"taxonomy":"product_cat","embeddable":true,"href":"https:\/\/secureus.se\/es\/wp-json\/wp\/v2\/product_cat?post=117236"},{"taxonomy":"product_tag","embeddable":true,"href":"https:\/\/secureus.se\/es\/wp-json\/wp\/v2\/product_tag?post=117236"}],"curies":[{"name":"wp","href":"https:\/\/api.w.org\/{rel}","templated":true}]}}