{"id":117253,"date":"2024-11-20T14:14:37","date_gmt":"2024-11-20T13:14:37","guid":{"rendered":"https:\/\/secureus.se\/?post_type=product&#038;p=117253"},"modified":"2026-01-12T12:47:13","modified_gmt":"2026-01-12T11:47:13","slug":"namnskylt-set-60x90-hangselclips-a4-etikettark","status":"publish","type":"product","link":"https:\/\/secureus.se\/es\/namnskylt-set-60x90-hangselclips-a4-etikettark\/","title":{"rendered":"SET de placas de identificaci\u00f3n 60\u00d790, clip para colgar + hoja de etiquetas A4"},"content":{"rendered":"<p>Participantes en congresos, visitantes de empresas, colaboradores en ferias, en tiendas, profesionales del sector servicios, vendedores\u2026 la lista puede ser muy larga cuando se necesitan credenciales con nombres en distintos tama\u00f1os, dise\u00f1os y posibilidades de fijaci\u00f3n. Juego completo con placa de identificaci\u00f3n en formato horizontal de 60 x 90 mm con clip de suspensi\u00f3n giratorio que garantiza que la placa siempre cuelgue en la posici\u00f3n correcta. El frente recortado facilita el reemplazo de la tarjeta si es necesario hacerlo con relativa frecuencia. El juego incluye 4 hojas A4 de etiquetas blancas para imprimir en impresora. Se pueden pedir m\u00e1s etiquetas en hojas A4 por separado. Utilice el programa gratuito DURAPRINT\u00ae disponible en www.duraprint.se para crear e imprimir elegantes etiquetas con nombres.<br \/>\nAccesorios:<br \/>\nEtiquetas Badgemaker\u00ae en hojas A4 para imprimir en impresoras, n.\u00ba de art\u00edculo 145602<\/p>","protected":false},"excerpt":{"rendered":"<p>Juego completo de hojas de etiquetas A4 para imprimir en impresora. 20 placas de identificaci\u00f3n en formato horizontal 60x90mm con clips para colgar.<\/p>","protected":false},"featured_media":133578,"template":"","meta":{"_acf_changed":false},"product_brand":[],"product_cat":[4275],"product_tag":[],"class_list":{"0":"post-117253","1":"product","2":"type-product","3":"status-publish","4":"has-post-thumbnail","6":"product_cat-namnskyltar-kompletta-set","7":"product_shipping_class-tunga-paket","8":"pa_brands-durable","9":"tm-no-options","11":"first","12":"instock","13":"sale","14":"taxable","15":"shipping-taxable","16":"purchasable","17":"product-type-simple"},"acf":[],"_links":{"self":[{"href":"https:\/\/secureus.se\/es\/wp-json\/wp\/v2\/product\/117253","targetHints":{"allow":["GET"]}}],"collection":[{"href":"https:\/\/secureus.se\/es\/wp-json\/wp\/v2\/product"}],"about":[{"href":"https:\/\/secureus.se\/es\/wp-json\/wp\/v2\/types\/product"}],"wp:featuredmedia":[{"embeddable":true,"href":"https:\/\/secureus.se\/es\/wp-json\/wp\/v2\/media\/133578"}],"wp:attachment":[{"href":"https:\/\/secureus.se\/es\/wp-json\/wp\/v2\/media?parent=117253"}],"wp:term":[{"taxonomy":"product_brand","embeddable":true,"href":"https:\/\/secureus.se\/es\/wp-json\/wp\/v2\/product_brand?post=117253"},{"taxonomy":"product_cat","embeddable":true,"href":"https:\/\/secureus.se\/es\/wp-json\/wp\/v2\/product_cat?post=117253"},{"taxonomy":"product_tag","embeddable":true,"href":"https:\/\/secureus.se\/es\/wp-json\/wp\/v2\/product_tag?post=117253"}],"curies":[{"name":"wp","href":"https:\/\/api.w.org\/{rel}","templated":true}]}}