{"id":117304,"date":"2024-11-05T17:16:53","date_gmt":"2024-11-05T16:16:53","guid":{"rendered":"https:\/\/secureus.se\/?post_type=product&#038;p=117304"},"modified":"2026-01-12T12:34:16","modified_gmt":"2026-01-12T11:34:16","slug":"skarmhallare-pro-for-1-skarm-vaggfaste","status":"publish","type":"product","link":"https:\/\/secureus.se\/es\/skarmhallare-pro-for-1-skarm-vaggfaste\/","title":{"rendered":"Soporte de monitor PRO para 1 monitor, montaje en pared"},"content":{"rendered":"<p>La gama de soportes para monitores y soportes de pared para monitores de computadora f\u00e1ciles de usar de Durable y de buena calidad liberan espacio en su escritorio y brindan una buena ergonom\u00eda de trabajo. Gracias a su dise\u00f1o atemporal y elegante quedan bien en muchos entornos diferentes. Destinado a pantallas con formato de 21 - 28 pulgadas y un peso de 3-8 kg, que est\u00e9n preparadas para montaje VESA 75 x 75 mm o 100 x 100 mm. El monitor se encaja f\u00e1cilmente en el soporte de liberaci\u00f3n r\u00e1pida (pendiente de patente). Los soportes de pared son flexibles porque se pueden girar para tener la pantalla en modo vertical u horizontal y se pueden inclinar para obtener un buen \u00e1ngulo de lectura. Fabricado con materiales de primera calidad seleccionados para una larga vida \u00fatil: aluminio, metal y pl\u00e1stico de alta calidad fabricados con hasta un 50 % de material reciclado. Reciclable hasta el 100% % hace que estos soportes de pantalla sean respetuosos con el medio ambiente seg\u00fan la norma ISO 14021. La fabricaci\u00f3n se lleva a cabo en las instalaciones de producci\u00f3n de DURABLE en Alemania. Garant\u00eda de 10 a\u00f1os. Se ha presentado la solicitud para que estos soportes de pared para monitores sean homologados con el sello de seguridad GS (seguridad probada), que ofrece a los compradores, minoristas y consumidores finales una garant\u00eda de que el producto cumple con los \u00faltimos requisitos de seguridad, as\u00ed como la solicitud de certificaci\u00f3n T\u00dcV, que tambi\u00e9n es una certificaci\u00f3n alemana reconocida de seguridad y calidad de productos.<\/p>\n<p>Este soporte de pared para monitores tambi\u00e9n es adecuado para pantallas curvas de hasta 38 pulgadas. Se incluyen tres clips para cables que se pueden colocar individualmente donde convenga para mantener los cables organizados y en orden. Dependiendo del tama\u00f1o de la pantalla, esta se puede inclinar entre 110\u00b0 y 85\u00b0 hacia arriba y 25\u00b0 hacia abajo y girar ligeramente hacia los lados. Se incluyen tornillos y tacos para montaje en pared. Dimensiones: 130 x 120 x 140 mm (ancho x alto x profundidad)<\/p>\n<p>Lea m\u00e1s sobre el marcado GS: https:\/\/www.handelskammer.se\/vara-tjanster\/miljorapportering\/symbolguiden\/geprufte-sicherheit-provad-sakerhet<br \/>\nLea m\u00e1s sobre la certificaci\u00f3n T\u00dcV: https:\/\/www.handelskammer.se\/vara-tjanster\/miljorappottering\/symbolguiden\/tuv-technischer-uberwachungsverein<br \/>\nLos t\u00e9rminos de garant\u00eda se pueden encontrar aqu\u00ed: https:\/\/www.durable.se\/sv_SE\/service\/garanti\/garanti-foer-skaermhaallare\/<\/p>","protected":false},"excerpt":{"rendered":"<p>Soporte de pared para monitor de computadora. Se puede girar 360\u00b0 para modo vertical u horizontal. Cu\u00e1nto se puede inclinar y girar depende del tama\u00f1o de la pantalla.<\/p>","protected":false},"featured_media":135664,"template":"","meta":{"_acf_changed":false},"product_brand":[],"product_cat":[4243],"product_tag":[4382],"class_list":{"0":"post-117304","1":"product","2":"type-product","3":"status-publish","4":"has-post-thumbnail","6":"product_cat-skarmhallare","7":"product_tag-silver","8":"product_shipping_class-tunga-paket","9":"pa_brands-durable","10":"pa_farg-silver","11":"tm-no-options","13":"first","14":"instock","15":"sale","16":"taxable","17":"shipping-taxable","18":"purchasable","19":"product-type-simple"},"acf":[],"_links":{"self":[{"href":"https:\/\/secureus.se\/es\/wp-json\/wp\/v2\/product\/117304","targetHints":{"allow":["GET"]}}],"collection":[{"href":"https:\/\/secureus.se\/es\/wp-json\/wp\/v2\/product"}],"about":[{"href":"https:\/\/secureus.se\/es\/wp-json\/wp\/v2\/types\/product"}],"wp:featuredmedia":[{"embeddable":true,"href":"https:\/\/secureus.se\/es\/wp-json\/wp\/v2\/media\/135664"}],"wp:attachment":[{"href":"https:\/\/secureus.se\/es\/wp-json\/wp\/v2\/media?parent=117304"}],"wp:term":[{"taxonomy":"product_brand","embeddable":true,"href":"https:\/\/secureus.se\/es\/wp-json\/wp\/v2\/product_brand?post=117304"},{"taxonomy":"product_cat","embeddable":true,"href":"https:\/\/secureus.se\/es\/wp-json\/wp\/v2\/product_cat?post=117304"},{"taxonomy":"product_tag","embeddable":true,"href":"https:\/\/secureus.se\/es\/wp-json\/wp\/v2\/product_tag?post=117304"}],"curies":[{"name":"wp","href":"https:\/\/api.w.org\/{rel}","templated":true}]}}