{"id":117345,"date":"2024-11-05T17:00:21","date_gmt":"2024-11-05T16:00:21","guid":{"rendered":"https:\/\/secureus.se\/?post_type=product&#038;p=117345"},"modified":"2026-01-12T12:56:57","modified_gmt":"2026-01-12T11:56:57","slug":"hornskydd-c35","status":"publish","type":"product","link":"https:\/\/secureus.se\/es\/hornskydd-c35\/","title":{"rendered":"Protector de esquinas C35"},"content":{"rendered":"<p>Los perfiles de advertencia y protecci\u00f3n como este protector de esquinas se utilizan en industrias y otros entornos interiores para proteger a personas, veh\u00edculos y muebles en caso de peque\u00f1as colisiones. Las rayas negras y amarillas advierten de las esquinas afiladas y la espuma de poliuretano, de la que est\u00e1 hecho el perfil protector, absorbe los impactos. El protector de esquinas autoadhesivo se corta a la longitud deseada con un cuchillo afilado. Superficie adhesiva fuerte y autoadhesiva de buena calidad que se adhiere a metal, madera, cart\u00f3n y azulejos con mejores resultados si la temperatura es de 10-30\u00b0C. Tonos de color seg\u00fan ASR A1.3 similares a RAL 1004\/9003 (amarillo se\u00f1al\/negro se\u00f1al).<br \/>\nProbado seg\u00fan la clasificaci\u00f3n de fuego DIN EN 13501-1 clase E.<br \/>\nResistente a temperaturas de -30\u00b0C \u2013 + 70\u00b0C.<br \/>\nLongitud 1 m. Longitud exterior 47 + 47 mm, longitud de la superficie adhesiva 35 + 35 mm, espesor 12 mm <\/p>","protected":false},"excerpt":{"rendered":"<p>Protectores de esquinas autoadhesivos con efecto amortiguador. Las rayas negras y amarillas advierten y llaman la atenci\u00f3n sobre posibles riesgos.<\/p>","protected":false},"featured_media":135578,"template":"","meta":{"_acf_changed":false},"product_brand":[],"product_cat":[4239],"product_tag":[4386],"class_list":{"0":"post-117345","1":"product","2":"type-product","3":"status-publish","4":"has-post-thumbnail","6":"product_cat-varnings-skyddsprofiler","7":"product_tag-gul-svart","8":"product_shipping_class-tunga-paket","9":"pa_brands-durable","10":"pa_farg-gul-svart","11":"tm-no-options","13":"first","14":"instock","15":"sale","16":"taxable","17":"shipping-taxable","18":"purchasable","19":"product-type-simple"},"acf":[],"_links":{"self":[{"href":"https:\/\/secureus.se\/es\/wp-json\/wp\/v2\/product\/117345","targetHints":{"allow":["GET"]}}],"collection":[{"href":"https:\/\/secureus.se\/es\/wp-json\/wp\/v2\/product"}],"about":[{"href":"https:\/\/secureus.se\/es\/wp-json\/wp\/v2\/types\/product"}],"wp:featuredmedia":[{"embeddable":true,"href":"https:\/\/secureus.se\/es\/wp-json\/wp\/v2\/media\/135578"}],"wp:attachment":[{"href":"https:\/\/secureus.se\/es\/wp-json\/wp\/v2\/media?parent=117345"}],"wp:term":[{"taxonomy":"product_brand","embeddable":true,"href":"https:\/\/secureus.se\/es\/wp-json\/wp\/v2\/product_brand?post=117345"},{"taxonomy":"product_cat","embeddable":true,"href":"https:\/\/secureus.se\/es\/wp-json\/wp\/v2\/product_cat?post=117345"},{"taxonomy":"product_tag","embeddable":true,"href":"https:\/\/secureus.se\/es\/wp-json\/wp\/v2\/product_tag?post=117345"}],"curies":[{"name":"wp","href":"https:\/\/api.w.org\/{rel}","templated":true}]}}