{"id":117430,"date":"2024-11-20T14:15:57","date_gmt":"2024-11-20T13:15:57","guid":{"rendered":"https:\/\/secureus.se\/?post_type=product&#038;p=117430"},"modified":"2026-01-12T12:04:52","modified_gmt":"2026-01-12T11:04:52","slug":"plastficka-a5l-magnetisk","status":"publish","type":"product","link":"https:\/\/secureus.se\/es\/plastficka-a5l-magnetisk\/","title":{"rendered":"Bolsillo de pl\u00e1stico A5L magn\u00e9tico"},"content":{"rendered":"<p>El etiquetado claro y conciso de estantes, armarios, puertas, contenedores y otros espacios mejora y agiliza el proceso de trabajo en almacenes e instalaciones de producci\u00f3n. Las fundas magn\u00e9ticas de pl\u00e1stico hechas de polipropileno duradero se pueden leer con un esc\u00e1ner y protegen los insertos reemplazables de la suciedad. Dos tiras magn\u00e9ticas en la parte posterior mantienen el bolsillo firmemente en su lugar. Una plantilla gratuita para la etiqueta est\u00e1 disponible en www.duraprint.se.<br \/>\nDimensiones interiores: A5L (210 \u00d7 148 mm de ancho x alto)<br \/>\nDimensiones externas: 223\u00d7163 mm (ancho x alto)<br \/>\nAccesorios: Etiquetas en hojas A4, art. No. 485502<\/p>","protected":false},"excerpt":{"rendered":"<p>Bolsillo de pl\u00e1stico en formato A5 horizontal con dos bandas magn\u00e9ticas en la parte posterior. Para uso en superficies met\u00e1licas como estantes de almac\u00e9n y contenedores met\u00e1licos.<\/p>","protected":false},"featured_media":133858,"template":"","meta":{"_acf_changed":false},"product_brand":[],"product_cat":[4306],"product_tag":[4395],"class_list":{"0":"post-117430","1":"product","2":"type-product","3":"status-publish","4":"has-post-thumbnail","6":"product_cat-markning-pallstall","7":"product_tag-gul","8":"product_shipping_class-tunga-paket","9":"pa_brands-durable","10":"pa_farg-gul","11":"tm-no-options","13":"first","14":"instock","15":"sale","16":"taxable","17":"shipping-taxable","18":"purchasable","19":"product-type-simple"},"acf":[],"_links":{"self":[{"href":"https:\/\/secureus.se\/es\/wp-json\/wp\/v2\/product\/117430","targetHints":{"allow":["GET"]}}],"collection":[{"href":"https:\/\/secureus.se\/es\/wp-json\/wp\/v2\/product"}],"about":[{"href":"https:\/\/secureus.se\/es\/wp-json\/wp\/v2\/types\/product"}],"wp:featuredmedia":[{"embeddable":true,"href":"https:\/\/secureus.se\/es\/wp-json\/wp\/v2\/media\/133858"}],"wp:attachment":[{"href":"https:\/\/secureus.se\/es\/wp-json\/wp\/v2\/media?parent=117430"}],"wp:term":[{"taxonomy":"product_brand","embeddable":true,"href":"https:\/\/secureus.se\/es\/wp-json\/wp\/v2\/product_brand?post=117430"},{"taxonomy":"product_cat","embeddable":true,"href":"https:\/\/secureus.se\/es\/wp-json\/wp\/v2\/product_cat?post=117430"},{"taxonomy":"product_tag","embeddable":true,"href":"https:\/\/secureus.se\/es\/wp-json\/wp\/v2\/product_tag?post=117430"}],"curies":[{"name":"wp","href":"https:\/\/api.w.org\/{rel}","templated":true}]}}