{"id":117521,"date":"2024-11-05T16:47:03","date_gmt":"2024-11-05T15:47:03","guid":{"rendered":"https:\/\/secureus.se\/?post_type=product&#038;p=117521"},"modified":"2026-01-12T12:55:47","modified_gmt":"2026-01-12T11:55:47","slug":"surfplattehallare-tough-wall-table","status":"publish","type":"product","link":"https:\/\/secureus.se\/es\/surfplattehallare-tough-wall-table\/","title":{"rendered":"Soporte para tableta RESISTENTE PARA PARED\/MESA"},"content":{"rendered":"<p>Soporte para tableta que se puede montar en una mesa (m\u00e1ximo 25 mm) o en una pared. Adecuado para tabletas de tama\u00f1os 7\u2033-13\u2033 (160-275 mm) con un grosor m\u00e1ximo de 8 mm. Para compartir informaci\u00f3n y realizar presentaciones en tiendas, recepciones, ventas y salas de exposici\u00f3n. Fabricado en material ign\u00edfugo. El soporte, con superficies recubiertas de goma que protegen la tableta de ara\u00f1azos y da\u00f1os, se puede girar 360\u00b0. Ergon\u00f3mico gracias al cuello de cisne flexible que permite un ajuste de altura individual y continuo. La tableta es f\u00e1cil de insertar y quitar del soporte, que est\u00e1 bloqueado con una llave especial para evitar robos. Adem\u00e1s, todo el soporte de mesa se puede bloquear con un candado de cable externo \u201cMinisaver mobile lock\u201d de Kensington. El cable de carga se conecta a trav\u00e9s de una abertura en el soporte.<br \/>\nPeso m\u00e1ximo de la tableta 1 kg<br \/>\nEl cuello de cisne + soporte tiene una altura de 280 mm.<br \/>\nDimensiones: 280 x 172 x 82 mm (ancho x alto x profundidad)<\/p>","protected":false},"excerpt":{"rendered":"<p>Soporte para tableta de 7 a 13\u2033 para montar en la mesa o en la pared. Con cuello de cisne flexible y r\u00f3tula.<\/p>","protected":false},"featured_media":137248,"template":"","meta":{"_acf_changed":false},"product_brand":[],"product_cat":[4236],"product_tag":[4381],"class_list":{"0":"post-117521","1":"product","2":"type-product","3":"status-publish","4":"has-post-thumbnail","6":"product_cat-surfplattehallare","7":"product_tag-svart","8":"product_shipping_class-tunga-paket","9":"pa_brands-durable","10":"pa_farg-svart","11":"tm-no-options","13":"first","14":"instock","15":"sale","16":"taxable","17":"shipping-taxable","18":"purchasable","19":"product-type-simple"},"acf":[],"_links":{"self":[{"href":"https:\/\/secureus.se\/es\/wp-json\/wp\/v2\/product\/117521","targetHints":{"allow":["GET"]}}],"collection":[{"href":"https:\/\/secureus.se\/es\/wp-json\/wp\/v2\/product"}],"about":[{"href":"https:\/\/secureus.se\/es\/wp-json\/wp\/v2\/types\/product"}],"wp:featuredmedia":[{"embeddable":true,"href":"https:\/\/secureus.se\/es\/wp-json\/wp\/v2\/media\/137248"}],"wp:attachment":[{"href":"https:\/\/secureus.se\/es\/wp-json\/wp\/v2\/media?parent=117521"}],"wp:term":[{"taxonomy":"product_brand","embeddable":true,"href":"https:\/\/secureus.se\/es\/wp-json\/wp\/v2\/product_brand?post=117521"},{"taxonomy":"product_cat","embeddable":true,"href":"https:\/\/secureus.se\/es\/wp-json\/wp\/v2\/product_cat?post=117521"},{"taxonomy":"product_tag","embeddable":true,"href":"https:\/\/secureus.se\/es\/wp-json\/wp\/v2\/product_tag?post=117521"}],"curies":[{"name":"wp","href":"https:\/\/api.w.org\/{rel}","templated":true}]}}