{"id":117539,"date":"2024-11-20T14:16:24","date_gmt":"2024-11-20T13:16:24","guid":{"rendered":"https:\/\/secureus.se\/?post_type=product&#038;p=117539"},"modified":"2026-01-12T12:06:15","modified_gmt":"2026-01-12T11:06:15","slug":"plastficka-a6l-sjalvhaftande","status":"publish","type":"product","link":"https:\/\/secureus.se\/es\/plastficka-a6l-sjalvhaftande\/","title":{"rendered":"Bolsillo de pl\u00e1stico autoadhesivo A6L"},"content":{"rendered":"<p>El etiquetado claro y conciso de estanter\u00edas, armarios, puertas, pal\u00e9s, contenedores y otros espacios mejora y agiliza el proceso de trabajo en almacenes e instalaciones de producci\u00f3n. Las fundas de pl\u00e1stico autoadhesivas, fabricadas en polipropileno resistente, se pueden leer con un esc\u00e1ner y protegen las etiquetas reemplazables de la suciedad. Dos tiras adhesivas en la parte posterior mantienen la funda en su lugar. Puede encontrar una plantilla gratuita para la etiqueta en www.duraprint.se.<br \/>\nDimensiones internas: A6L (148 x 105 mm de ancho x alto)<br \/>\nDimensiones externas: 163\u00d7120 mm (ancho x alto)<br \/>\nAccesorios: Etiquetas en hojas A4, art. No. 485102<\/p>","protected":false},"excerpt":{"rendered":"<p>Bolsillo de pl\u00e1stico con dos tiras adhesivas en la parte posterior. Para un uso m\u00e1s permanente, por ejemplo, palets y contenedores.<\/p>","protected":false},"featured_media":133789,"template":"","meta":{"_acf_changed":false},"product_brand":[],"product_cat":[4306],"product_tag":[4387],"class_list":{"0":"post-117539","1":"product","2":"type-product","3":"status-publish","4":"has-post-thumbnail","6":"product_cat-markning-pallstall","7":"product_tag-bla","8":"product_shipping_class-tunga-paket","9":"pa_brands-durable","10":"pa_farg-bla","11":"tm-no-options","13":"first","14":"instock","15":"sale","16":"taxable","17":"shipping-taxable","18":"purchasable","19":"product-type-simple"},"acf":[],"_links":{"self":[{"href":"https:\/\/secureus.se\/es\/wp-json\/wp\/v2\/product\/117539","targetHints":{"allow":["GET"]}}],"collection":[{"href":"https:\/\/secureus.se\/es\/wp-json\/wp\/v2\/product"}],"about":[{"href":"https:\/\/secureus.se\/es\/wp-json\/wp\/v2\/types\/product"}],"wp:featuredmedia":[{"embeddable":true,"href":"https:\/\/secureus.se\/es\/wp-json\/wp\/v2\/media\/133789"}],"wp:attachment":[{"href":"https:\/\/secureus.se\/es\/wp-json\/wp\/v2\/media?parent=117539"}],"wp:term":[{"taxonomy":"product_brand","embeddable":true,"href":"https:\/\/secureus.se\/es\/wp-json\/wp\/v2\/product_brand?post=117539"},{"taxonomy":"product_cat","embeddable":true,"href":"https:\/\/secureus.se\/es\/wp-json\/wp\/v2\/product_cat?post=117539"},{"taxonomy":"product_tag","embeddable":true,"href":"https:\/\/secureus.se\/es\/wp-json\/wp\/v2\/product_tag?post=117539"}],"curies":[{"name":"wp","href":"https:\/\/api.w.org\/{rel}","templated":true}]}}