{"id":117561,"date":"2024-11-05T16:46:54","date_gmt":"2024-11-05T15:46:54","guid":{"rendered":"https:\/\/secureus.se\/?post_type=product&#038;p=117561"},"modified":"2026-01-12T12:56:21","modified_gmt":"2026-01-12T11:56:21","slug":"surfplattehallare-tough-floor","status":"publish","type":"product","link":"https:\/\/secureus.se\/es\/surfplattehallare-tough-floor\/","title":{"rendered":"Soporte para tableta TOUGH FLOOR"},"content":{"rendered":"<p>El soporte para tableta TOUGH FLOOR es un soporte de suelo con soporte para tabletas en tama\u00f1os de 7\u2033-13\u2033 (160-275 mm) con un grosor m\u00e1ximo de 8 mm. Para compartir informaci\u00f3n y presentaciones en tiendas, recepciones, ventas y salas de exposici\u00f3n. Fabricado en material ign\u00edfugo. El soporte, con superficies recubiertas de goma que protegen la tableta de ara\u00f1azos y da\u00f1os, se puede girar 360\u00b0. Ergon\u00f3mico gracias al cuello de cisne flexible que permite un ajuste de altura individual y continuo. La tableta es f\u00e1cil de insertar y quitar del soporte, que est\u00e1 bloqueado con una llave especial para evitar robos. Adem\u00e1s, todo el soporte de mesa se puede bloquear con un candado de cable externo \u201cMinisaver mobile lock\u201d de Kensington. El cable de carga se conecta a trav\u00e9s de una abertura en el soporte.<br \/>\nPeso m\u00e1ximo de la tableta 1 kg.<br \/>\nAltura m\u00e1xima del soporte 1180 mm<br \/>\nDimensiones: 305 x 1180 x 305 mm (ancho x alto x profundidad)<\/p>","protected":false},"excerpt":{"rendered":"<p>Soporte de suelo con soporte para tablets de 7-13\u2033. Con cuello de cisne flexible y r\u00f3tula.<\/p>","protected":false},"featured_media":136508,"template":"","meta":{"_acf_changed":false},"product_brand":[],"product_cat":[4236],"product_tag":[4381],"class_list":{"0":"post-117561","1":"product","2":"type-product","3":"status-publish","4":"has-post-thumbnail","6":"product_cat-surfplattehallare","7":"product_tag-svart","8":"product_shipping_class-tunga-paket","9":"pa_brands-durable","10":"pa_farg-svart","11":"tm-no-options","13":"first","14":"instock","15":"sale","16":"taxable","17":"shipping-taxable","18":"purchasable","19":"product-type-simple"},"acf":[],"_links":{"self":[{"href":"https:\/\/secureus.se\/es\/wp-json\/wp\/v2\/product\/117561","targetHints":{"allow":["GET"]}}],"collection":[{"href":"https:\/\/secureus.se\/es\/wp-json\/wp\/v2\/product"}],"about":[{"href":"https:\/\/secureus.se\/es\/wp-json\/wp\/v2\/types\/product"}],"wp:featuredmedia":[{"embeddable":true,"href":"https:\/\/secureus.se\/es\/wp-json\/wp\/v2\/media\/136508"}],"wp:attachment":[{"href":"https:\/\/secureus.se\/es\/wp-json\/wp\/v2\/media?parent=117561"}],"wp:term":[{"taxonomy":"product_brand","embeddable":true,"href":"https:\/\/secureus.se\/es\/wp-json\/wp\/v2\/product_brand?post=117561"},{"taxonomy":"product_cat","embeddable":true,"href":"https:\/\/secureus.se\/es\/wp-json\/wp\/v2\/product_cat?post=117561"},{"taxonomy":"product_tag","embeddable":true,"href":"https:\/\/secureus.se\/es\/wp-json\/wp\/v2\/product_tag?post=117561"}],"curies":[{"name":"wp","href":"https:\/\/api.w.org\/{rel}","templated":true}]}}